{"id":930,"date":"2022-07-01T13:39:49","date_gmt":"2022-07-01T13:39:49","guid":{"rendered":"https:\/\/hostelnomad.com\/?page_id=930"},"modified":"2022-10-05T09:52:38","modified_gmt":"2022-10-05T07:52:38","slug":"skladistenje-i-pakovanje","status":"publish","type":"page","link":"https:\/\/www.frueko.rs\/ru\/hranenie-i-upakovka\/","title":{"rendered":"\u0425\u0440\u0430\u043d\u0435\u043d\u0438\u0435 \u0438 \u0423\u043f\u0430\u043a\u043e\u0432\u043a\u0430"},"content":{"rendered":"<div data-elementor-type=\"wp-page\" data-elementor-id=\"930\" class=\"elementor elementor-930\" data-elementor-post-type=\"page\">\n\t\t\t\t\t\t<section class=\"elementor-section elementor-top-section elementor-element elementor-element-7edc72a elementor-section-full_width elementor-section-height-min-height elementor-section-height-default elementor-section-items-middle\" data-id=\"7edc72a\" data-element_type=\"section\" data-e-type=\"section\" data-settings=\"{&quot;background_background&quot;:&quot;classic&quot;}\">\n\t\t\t\t\t\t\t<div class=\"elementor-background-overlay\"><\/div>\n\t\t\t\t\t\t\t<div class=\"elementor-container elementor-column-gap-default\">\n\t\t\t\t\t<div class=\"elementor-column elementor-col-100 elementor-top-column elementor-element elementor-element-4fcde8c\" data-id=\"4fcde8c\" data-element_type=\"column\" data-e-type=\"column\">\n\t\t\t<div class=\"elementor-widget-wrap elementor-element-populated\">\n\t\t\t\t\t\t\t<\/div>\n\t\t<\/div>\n\t\t\t\t\t<\/div>\n\t\t<\/section>\n\t\t\t\t<section class=\"elementor-section elementor-top-section elementor-element elementor-element-e435c3d elementor-section-boxed elementor-section-height-default elementor-section-height-default\" data-id=\"e435c3d\" data-element_type=\"section\" data-e-type=\"section\">\n\t\t\t\t\t\t<div class=\"elementor-container elementor-column-gap-default\">\n\t\t\t\t\t<div class=\"elementor-column elementor-col-50 elementor-top-column elementor-element elementor-element-50fb07c\" data-id=\"50fb07c\" data-element_type=\"column\" data-e-type=\"column\">\n\t\t\t<div class=\"elementor-widget-wrap elementor-element-populated\">\n\t\t\t\t\t\t<div class=\"elementor-element elementor-element-4dc311f elementor-widget elementor-widget-text-editor\" data-id=\"4dc311f\" data-element_type=\"widget\" data-e-type=\"widget\" data-widget_type=\"text-editor.default\">\n\t\t\t\t<div class=\"elementor-widget-container\">\n\t\t\t\t\t\t\t\t\t<p>FRUEKO \u0432\u043b\u0430\u0434\u0435\u0435\u0442 \u0441\u043e\u0432\u0440\u0435\u043c\u0435\u043d\u043d\u044b\u043c \u0445\u043e\u043b\u043e\u0434\u0438\u043b\u044c\u043d\u044b\u043c \u0445\u0440\u0430\u043d\u0438\u043b\u0438\u0449\u0435\u043c ULO \u0432\u043c\u0435\u0441\u0442\u0438\u043c\u043e\u0441\u0442\u044c\u044e 6 500 \u0442\u043e\u043d\u043d, \u0433\u0434\u0435 \u043c\u044b \u0445\u0440\u0430\u043d\u0438\u043c \u043d\u0430\u0448\u0438 \u0444\u0440\u0443\u043a\u0442\u044b \u0432 \u0442\u0435\u0447\u0435\u043d\u0438\u0435 \u0431\u043e\u043b\u0435\u0435 \u0434\u043b\u0438\u0442\u0435\u043b\u044c\u043d\u043e\u0433\u043e \u043f\u0435\u0440\u0438\u043e\u0434\u0430 \u0441 \u0442\u0430\u043a \u043d\u0430\u0437\u044b\u0432\u0430\u0435\u043c\u043e\u0439 \u043a\u043e\u043d\u0442\u0440\u043e\u043b\u0438\u0440\u0443\u0435\u043c\u043e\u0439 \u0430\u0442\u043c\u043e\u0441\u0444\u0435\u0440\u043e\u0439 ULO \u00abUltra-low Oxygen\u00bb - \u0441\u0432\u0435\u0440\u0445\u043d\u0438\u0437\u043a\u0438\u043c \u0443\u0440\u043e\u0432\u043d\u0435\u043c \u043a\u0438\u0441\u043b\u043e\u0440\u043e\u0434\u0430.<\/p><p>\u0423 \u043d\u0430\u0441 \u0435\u0441\u0442\u044c \u043d\u043e\u0432\u0435\u0439\u0448\u0435\u0435 \u043e\u0431\u043e\u0440\u0443\u0434\u043e\u0432\u0430\u043d\u0438\u0435 \u0434\u043b\u044f \u0441\u043e\u0440\u0442\u0438\u0440\u043e\u0432\u043a\u0438 \u0438 \u043a\u0430\u043b\u0438\u0431\u0440\u043e\u0432\u043a\u0438 \u0444\u0440\u0443\u043a\u0442\u043e\u0432 GREEFA Combisort CZA95 \u043f\u0440\u043e\u0438\u0437\u0432\u043e\u0434\u0438\u0442\u0435\u043b\u044c\u043d\u043e\u0441\u0442\u044c\u044e 9 \u0442\/\u0447, \u043f\u043e\u0437\u0432\u043e\u043b\u044f\u044e\u0449\u0435\u0435 \u043c\u044b\u0442\u044c \u0438 \u0441\u043e\u0440\u0442\u0438\u0440\u043e\u0432\u0430\u0442\u044c \u0444\u0440\u0443\u043a\u0442\u044b \u043f\u043e \u0440\u0430\u0437\u043c\u0435\u0440\u0443, \u0432\u0435\u0441\u0443 \u0438\u043b\u0438 \u0446\u0432\u0435\u0442\u0443. \u041d\u0430\u0448\u0430 \u0441\u043e\u0440\u0442\u0438\u0440\u043e\u0432\u043e\u0447\u043d\u0430\u044f \u043b\u0438\u043d\u0438\u044f \u0438\u043c\u0435\u0435\u0442 6 \u0434\u043e\u0440\u043e\u0436\u0435\u043a \u0438 15 \u043f\u0440\u043e\u0445\u043e\u0434\u043e\u0432 \u0434\u043b\u044f \u0443\u043f\u0430\u043a\u043e\u0432\u043a\u0438 \u0441 \u0437\u0430\u0441\u043b\u043e\u043d\u043a\u043e\u0439 \u043f\u043e\u0441\u043b\u0435\u0434\u043d\u0435\u0433\u043e \u043f\u043e\u043a\u043e\u043b\u0435\u043d\u0438\u044f IDAP - XR, \u0441\u043e\u0441\u0442\u043e\u044f\u0449\u0435\u0439 \u0438\u0437 \u043f\u043e\u0433\u0440\u0443\u0436\u043d\u043e\u0433\u043e \u0431\u0430\u0441\u0441\u0435\u0439\u043d\u0430, \u0434\u0438\u0441\u0442\u0430\u043d\u0446\u0438\u043e\u043d\u043d\u043e\u0433\u043e \u0443\u043f\u0440\u0430\u0432\u043b\u0435\u043d\u0438\u044f \u0438 \u0430\u0432\u0442\u043e\u043c\u0430\u0442\u0438\u0447\u0435\u0441\u043a\u043e\u0439 \u0440\u0435\u0433\u0443\u043b\u0438\u0440\u043e\u0432\u043a\u0438 \u0448\u0438\u0440\u0438\u043d\u044b \u0438 \u0432\u044b\u0441\u043e\u0442\u044b. \u0426\u0432\u0435\u0442 \u043f\u0440\u043e\u0434\u0443\u043a\u0442\u0430 \u043e\u043f\u0440\u0435\u0434\u0435\u043b\u044f\u0435\u0442\u0441\u044f \u0446\u0432\u0435\u0442\u043d\u044b\u043c\u0438 HD-\u043a\u0430\u043c\u0435\u0440\u0430\u043c\u0438, \u0440\u0430\u0431\u043e\u0442\u0430\u044e\u0449\u0438\u043c\u0438 \u0432 IQS \u0441\u0438\u0441\u0442\u0435\u043c\u0435.<\/p><p>\u041c\u044b \u0437\u0434\u0435\u0441\u044c, \u0447\u0442\u043e\u0431\u044b \u0443\u0434\u043e\u0432\u043b\u0435\u0442\u0432\u043e\u0440\u0438\u0442\u044c \u0432\u0441\u0435 \u0442\u0440\u0435\u0431\u043e\u0432\u0430\u043d\u0438\u044f \u043d\u0430\u0448\u0438\u0445 \u043a\u043b\u0438\u0435\u043d\u0442\u043e\u0432 \u0438 \u0443\u043f\u0430\u043a\u043e\u0432\u043a\u0438 \u0442\u043e\u0432\u0430\u0440\u043e\u0432 \u0432 \u0441\u043e\u043e\u0442\u0432\u0435\u0442\u0441\u0442\u0432\u0438\u0438 \u0441 \u0438\u0445 \u043f\u043e\u0436\u0435\u043b\u0430\u043d\u0438\u044f\u043c\u0438.<\/p>\t\t\t\t\t\t\t\t<\/div>\n\t\t\t\t<\/div>\n\t\t\t\t\t<\/div>\n\t\t<\/div>\n\t\t\t\t<div class=\"elementor-column elementor-col-50 elementor-top-column elementor-element elementor-element-06a4e62\" data-id=\"06a4e62\" data-element_type=\"column\" data-e-type=\"column\">\n\t\t\t<div class=\"elementor-widget-wrap elementor-element-populated\">\n\t\t\t\t\t\t<div class=\"elementor-element elementor-element-098ef72 elementor-widget elementor-widget-image\" data-id=\"098ef72\" data-element_type=\"widget\" data-e-type=\"widget\" data-widget_type=\"image.default\">\n\t\t\t\t<div class=\"elementor-widget-container\">\n\t\t\t\t\t\t\t\t\t\t\t\t\t\t\t<img fetchpriority=\"high\" decoding=\"async\" width=\"1024\" height=\"993\" src=\"https:\/\/www.frueko.rs\/wp-content\/uploads\/2022\/07\/Pakovanje-i-skladistenje-19.jpg\" class=\"attachment-full size-full wp-image-1337\" alt=\"gajba sa crvenim jabukama ispred gomile praznih gajbi\" srcset=\"https:\/\/www.frueko.rs\/wp-content\/uploads\/2022\/07\/Pakovanje-i-skladistenje-19.jpg 1024w, https:\/\/www.frueko.rs\/wp-content\/uploads\/2022\/07\/Pakovanje-i-skladistenje-19-300x291.jpg 300w, https:\/\/www.frueko.rs\/wp-content\/uploads\/2022\/07\/Pakovanje-i-skladistenje-19-768x745.jpg 768w\" sizes=\"(max-width: 1024px) 100vw, 1024px\" \/>\t\t\t\t\t\t\t\t\t\t\t\t\t\t\t<\/div>\n\t\t\t\t<\/div>\n\t\t\t\t\t<\/div>\n\t\t<\/div>\n\t\t\t\t\t<\/div>\n\t\t<\/section>\n\t\t\t\t<\/div>","protected":false},"excerpt":{"rendered":"<p>FRUEKO poseduje savremenu hladnja\u010du kapaciteta 6.500 tona, gde na\u0161e vo\u0107e mo\u017eemo da skladi\u0161timo na du\u017ei period sa takozvanom ULO \u201eUltra Low Oxygen\u201c kontrolisanom atmosferom \u2013 ultra niskim sadr\u017eajem kiseonika. Posedujemo najsavremeniju opremu za sortiranje i kalibriranje vo\u0107a GREEFA Combisort CZA95 kapaciteta 9 tona\/h koja omogu\u0107ava pranje i sortiranje vo\u0107a po veli\u010dini, te\u017eini i boji. Na\u0161a [&hellip;]<\/p>","protected":false},"author":1,"featured_media":0,"parent":0,"menu_order":0,"comment_status":"closed","ping_status":"closed","template":"elementor_header_footer","meta":{"footnotes":""},"class_list":["post-930","page","type-page","status-publish","hentry"],"yoast_head":"<!-- This site is optimized with the Yoast SEO plugin v26.9 - https:\/\/yoast.com\/product\/yoast-seo-wordpress\/ -->\n<title>Skladi\u0161tenje i Pakovanje - Frueko DOO<\/title>\n<meta name=\"description\" content=\"FRUEKO raspola\u017ee najsavremenijom opremom za pakovanje i skladi\u0161tenje. O sortiranju, na\u010dinu skladi\u0161tenja i pakovanja vo\u0107a saznajte vi\u0161e na na\u0161oj web stranici.\" \/>\n<meta name=\"robots\" content=\"index, follow, max-snippet:-1, max-image-preview:large, max-video-preview:-1\" \/>\n<link rel=\"canonical\" href=\"https:\/\/www.frueko.rs\/ru\/hranenie-i-upakovka\/\" \/>\n<meta property=\"og:locale\" content=\"ru_RU\" \/>\n<meta property=\"og:type\" content=\"article\" \/>\n<meta property=\"og:title\" content=\"Skladi\u0161tenje i Pakovanje - Frueko DOO\" \/>\n<meta property=\"og:description\" content=\"FRUEKO raspola\u017ee najsavremenijom opremom za pakovanje i skladi\u0161tenje. O sortiranju, na\u010dinu skladi\u0161tenja i pakovanja vo\u0107a saznajte vi\u0161e na na\u0161oj web stranici.\" \/>\n<meta property=\"og:url\" content=\"https:\/\/www.frueko.rs\/ru\/hranenie-i-upakovka\/\" \/>\n<meta property=\"og:site_name\" content=\"Frueko\" \/>\n<meta property=\"article:publisher\" content=\"https:\/\/www.facebook.com\/pages\/Frueko-DOO\/424790351468347\" \/>\n<meta property=\"article:modified_time\" content=\"2022-10-05T07:52:38+00:00\" \/>\n<meta property=\"og:image\" content=\"https:\/\/www.frueko.rs\/wp-content\/uploads\/2022\/07\/Pakovanje-i-skladistenje-19.jpg\" \/>\n<meta name=\"twitter:card\" content=\"summary_large_image\" \/>\n<meta name=\"twitter:label1\" content=\"\u041f\u0440\u0438\u043c\u0435\u0440\u043d\u043e\u0435 \u0432\u0440\u0435\u043c\u044f \u0434\u043b\u044f \u0447\u0442\u0435\u043d\u0438\u044f\" \/>\n\t<meta name=\"twitter:data1\" content=\"1 \u043c\u0438\u043d\u0443\u0442\u0430\" \/>\n<script type=\"application\/ld+json\" class=\"yoast-schema-graph\">{\"@context\":\"https:\/\/schema.org\",\"@graph\":[{\"@type\":\"WebPage\",\"@id\":\"https:\/\/www.frueko.rs\/skladistenje-i-pakovanje\/\",\"url\":\"https:\/\/www.frueko.rs\/skladistenje-i-pakovanje\/\",\"name\":\"Skladi\u0161tenje i Pakovanje - Frueko DOO\",\"isPartOf\":{\"@id\":\"https:\/\/www.frueko.rs\/#website\"},\"primaryImageOfPage\":{\"@id\":\"https:\/\/www.frueko.rs\/skladistenje-i-pakovanje\/#primaryimage\"},\"image\":{\"@id\":\"https:\/\/www.frueko.rs\/skladistenje-i-pakovanje\/#primaryimage\"},\"thumbnailUrl\":\"https:\/\/www.frueko.rs\/wp-content\/uploads\/2022\/07\/Pakovanje-i-skladistenje-19.jpg\",\"datePublished\":\"2022-07-01T13:39:49+00:00\",\"dateModified\":\"2022-10-05T07:52:38+00:00\",\"description\":\"FRUEKO raspola\u017ee najsavremenijom opremom za pakovanje i skladi\u0161tenje. O sortiranju, na\u010dinu skladi\u0161tenja i pakovanja vo\u0107a saznajte vi\u0161e na na\u0161oj web stranici.\",\"breadcrumb\":{\"@id\":\"https:\/\/www.frueko.rs\/skladistenje-i-pakovanje\/#breadcrumb\"},\"inLanguage\":\"ru-RU\",\"potentialAction\":[{\"@type\":\"ReadAction\",\"target\":[\"https:\/\/www.frueko.rs\/skladistenje-i-pakovanje\/\"]}]},{\"@type\":\"ImageObject\",\"inLanguage\":\"ru-RU\",\"@id\":\"https:\/\/www.frueko.rs\/skladistenje-i-pakovanje\/#primaryimage\",\"url\":\"https:\/\/www.frueko.rs\/wp-content\/uploads\/2022\/07\/Pakovanje-i-skladistenje-19.jpg\",\"contentUrl\":\"https:\/\/www.frueko.rs\/wp-content\/uploads\/2022\/07\/Pakovanje-i-skladistenje-19.jpg\"},{\"@type\":\"BreadcrumbList\",\"@id\":\"https:\/\/www.frueko.rs\/skladistenje-i-pakovanje\/#breadcrumb\",\"itemListElement\":[{\"@type\":\"ListItem\",\"position\":1,\"name\":\"Home\",\"item\":\"https:\/\/www.frueko.rs\/\"},{\"@type\":\"ListItem\",\"position\":2,\"name\":\"Skladi\u0161tenje i Pakovanje\"}]},{\"@type\":\"WebSite\",\"@id\":\"https:\/\/www.frueko.rs\/#website\",\"url\":\"https:\/\/www.frueko.rs\/\",\"name\":\"Frueko\",\"description\":\"Lider u proizvodnji vo\u0107a u Srbiji\",\"publisher\":{\"@id\":\"https:\/\/www.frueko.rs\/#organization\"},\"potentialAction\":[{\"@type\":\"SearchAction\",\"target\":{\"@type\":\"EntryPoint\",\"urlTemplate\":\"https:\/\/www.frueko.rs\/?s={search_term_string}\"},\"query-input\":{\"@type\":\"PropertyValueSpecification\",\"valueRequired\":true,\"valueName\":\"search_term_string\"}}],\"inLanguage\":\"ru-RU\"},{\"@type\":\"Organization\",\"@id\":\"https:\/\/www.frueko.rs\/#organization\",\"name\":\"Frueko\",\"url\":\"https:\/\/www.frueko.rs\/\",\"logo\":{\"@type\":\"ImageObject\",\"inLanguage\":\"ru-RU\",\"@id\":\"https:\/\/www.frueko.rs\/#\/schema\/logo\/image\/\",\"url\":\"https:\/\/www.frueko.rs\/wp-content\/uploads\/2022\/07\/Frueko-logo-10.jpg\",\"contentUrl\":\"https:\/\/www.frueko.rs\/wp-content\/uploads\/2022\/07\/Frueko-logo-10.jpg\",\"width\":241,\"height\":164,\"caption\":\"Frueko\"},\"image\":{\"@id\":\"https:\/\/www.frueko.rs\/#\/schema\/logo\/image\/\"},\"sameAs\":[\"https:\/\/www.facebook.com\/pages\/Frueko-DOO\/424790351468347\",\"https:\/\/www.linkedin.com\/company\/frueko-doo-novi-sad\"]}]}<\/script>\n<!-- \/ Yoast SEO plugin. -->","yoast_head_json":{"title":"Skladi\u0161tenje i Pakovanje - Frueko DOO","description":"FRUEKO raspola\u017ee najsavremenijom opremom za pakovanje i skladi\u0161tenje. O sortiranju, na\u010dinu skladi\u0161tenja i pakovanja vo\u0107a saznajte vi\u0161e na na\u0161oj web stranici.","robots":{"index":"index","follow":"follow","max-snippet":"max-snippet:-1","max-image-preview":"max-image-preview:large","max-video-preview":"max-video-preview:-1"},"canonical":"https:\/\/www.frueko.rs\/ru\/hranenie-i-upakovka\/","og_locale":"ru_RU","og_type":"article","og_title":"Skladi\u0161tenje i Pakovanje - Frueko DOO","og_description":"FRUEKO raspola\u017ee najsavremenijom opremom za pakovanje i skladi\u0161tenje. O sortiranju, na\u010dinu skladi\u0161tenja i pakovanja vo\u0107a saznajte vi\u0161e na na\u0161oj web stranici.","og_url":"https:\/\/www.frueko.rs\/ru\/hranenie-i-upakovka\/","og_site_name":"Frueko","article_publisher":"https:\/\/www.facebook.com\/pages\/Frueko-DOO\/424790351468347","article_modified_time":"2022-10-05T07:52:38+00:00","og_image":[{"url":"https:\/\/www.frueko.rs\/wp-content\/uploads\/2022\/07\/Pakovanje-i-skladistenje-19.jpg","type":"","width":"","height":""}],"twitter_card":"summary_large_image","twitter_misc":{"\u041f\u0440\u0438\u043c\u0435\u0440\u043d\u043e\u0435 \u0432\u0440\u0435\u043c\u044f \u0434\u043b\u044f \u0447\u0442\u0435\u043d\u0438\u044f":"1 \u043c\u0438\u043d\u0443\u0442\u0430"},"schema":{"@context":"https:\/\/schema.org","@graph":[{"@type":"WebPage","@id":"https:\/\/www.frueko.rs\/skladistenje-i-pakovanje\/","url":"https:\/\/www.frueko.rs\/skladistenje-i-pakovanje\/","name":"Skladi\u0161tenje i Pakovanje - Frueko DOO","isPartOf":{"@id":"https:\/\/www.frueko.rs\/#website"},"primaryImageOfPage":{"@id":"https:\/\/www.frueko.rs\/skladistenje-i-pakovanje\/#primaryimage"},"image":{"@id":"https:\/\/www.frueko.rs\/skladistenje-i-pakovanje\/#primaryimage"},"thumbnailUrl":"https:\/\/www.frueko.rs\/wp-content\/uploads\/2022\/07\/Pakovanje-i-skladistenje-19.jpg","datePublished":"2022-07-01T13:39:49+00:00","dateModified":"2022-10-05T07:52:38+00:00","description":"FRUEKO raspola\u017ee najsavremenijom opremom za pakovanje i skladi\u0161tenje. O sortiranju, na\u010dinu skladi\u0161tenja i pakovanja vo\u0107a saznajte vi\u0161e na na\u0161oj web stranici.","breadcrumb":{"@id":"https:\/\/www.frueko.rs\/skladistenje-i-pakovanje\/#breadcrumb"},"inLanguage":"ru-RU","potentialAction":[{"@type":"ReadAction","target":["https:\/\/www.frueko.rs\/skladistenje-i-pakovanje\/"]}]},{"@type":"ImageObject","inLanguage":"ru-RU","@id":"https:\/\/www.frueko.rs\/skladistenje-i-pakovanje\/#primaryimage","url":"https:\/\/www.frueko.rs\/wp-content\/uploads\/2022\/07\/Pakovanje-i-skladistenje-19.jpg","contentUrl":"https:\/\/www.frueko.rs\/wp-content\/uploads\/2022\/07\/Pakovanje-i-skladistenje-19.jpg"},{"@type":"BreadcrumbList","@id":"https:\/\/www.frueko.rs\/skladistenje-i-pakovanje\/#breadcrumb","itemListElement":[{"@type":"ListItem","position":1,"name":"Home","item":"https:\/\/www.frueko.rs\/"},{"@type":"ListItem","position":2,"name":"Skladi\u0161tenje i Pakovanje"}]},{"@type":"WebSite","@id":"https:\/\/www.frueko.rs\/#website","url":"https:\/\/www.frueko.rs\/","name":"Frueko","description":"Lider u proizvodnji vo\u0107a u Srbiji","publisher":{"@id":"https:\/\/www.frueko.rs\/#organization"},"potentialAction":[{"@type":"SearchAction","target":{"@type":"EntryPoint","urlTemplate":"https:\/\/www.frueko.rs\/?s={search_term_string}"},"query-input":{"@type":"PropertyValueSpecification","valueRequired":true,"valueName":"search_term_string"}}],"inLanguage":"ru-RU"},{"@type":"Organization","@id":"https:\/\/www.frueko.rs\/#organization","name":"Frueko","url":"https:\/\/www.frueko.rs\/","logo":{"@type":"ImageObject","inLanguage":"ru-RU","@id":"https:\/\/www.frueko.rs\/#\/schema\/logo\/image\/","url":"https:\/\/www.frueko.rs\/wp-content\/uploads\/2022\/07\/Frueko-logo-10.jpg","contentUrl":"https:\/\/www.frueko.rs\/wp-content\/uploads\/2022\/07\/Frueko-logo-10.jpg","width":241,"height":164,"caption":"Frueko"},"image":{"@id":"https:\/\/www.frueko.rs\/#\/schema\/logo\/image\/"},"sameAs":["https:\/\/www.facebook.com\/pages\/Frueko-DOO\/424790351468347","https:\/\/www.linkedin.com\/company\/frueko-doo-novi-sad"]}]}},"_links":{"self":[{"href":"https:\/\/www.frueko.rs\/ru\/wp-json\/wp\/v2\/pages\/930","targetHints":{"allow":["GET"]}}],"collection":[{"href":"https:\/\/www.frueko.rs\/ru\/wp-json\/wp\/v2\/pages"}],"about":[{"href":"https:\/\/www.frueko.rs\/ru\/wp-json\/wp\/v2\/types\/page"}],"author":[{"embeddable":true,"href":"https:\/\/www.frueko.rs\/ru\/wp-json\/wp\/v2\/users\/1"}],"replies":[{"embeddable":true,"href":"https:\/\/www.frueko.rs\/ru\/wp-json\/wp\/v2\/comments?post=930"}],"version-history":[{"count":5,"href":"https:\/\/www.frueko.rs\/ru\/wp-json\/wp\/v2\/pages\/930\/revisions"}],"predecessor-version":[{"id":3218,"href":"https:\/\/www.frueko.rs\/ru\/wp-json\/wp\/v2\/pages\/930\/revisions\/3218"}],"wp:attachment":[{"href":"https:\/\/www.frueko.rs\/ru\/wp-json\/wp\/v2\/media?parent=930"}],"curies":[{"name":"wp","href":"https:\/\/api.w.org\/{rel}","templated":true}]}}