{"id":513,"date":"2022-06-29T07:11:32","date_gmt":"2022-06-29T07:11:32","guid":{"rendered":"https:\/\/hostelnomad.com\/?page_id=513"},"modified":"2023-08-18T16:12:11","modified_gmt":"2023-08-18T14:12:11","slug":"o-nama","status":"publish","type":"page","link":"https:\/\/www.frueko.rs\/ru\/o-nas\/","title":{"rendered":"\u041e \u043d\u0430\u0441"},"content":{"rendered":"<div data-elementor-type=\"wp-page\" data-elementor-id=\"513\" class=\"elementor elementor-513\" data-elementor-post-type=\"page\">\n\t\t\t\t\t\t<section class=\"elementor-section elementor-top-section elementor-element elementor-element-2e947bd elementor-section-full_width elementor-section-height-min-height elementor-section-height-default elementor-section-items-middle\" data-id=\"2e947bd\" data-element_type=\"section\" data-e-type=\"section\" data-settings=\"{&quot;background_background&quot;:&quot;classic&quot;}\">\n\t\t\t\t\t\t\t<div class=\"elementor-background-overlay\"><\/div>\n\t\t\t\t\t\t\t<div class=\"elementor-container elementor-column-gap-default\">\n\t\t\t\t\t<div class=\"elementor-column elementor-col-100 elementor-top-column elementor-element elementor-element-bf6b273\" data-id=\"bf6b273\" data-element_type=\"column\" data-e-type=\"column\">\n\t\t\t<div class=\"elementor-widget-wrap elementor-element-populated\">\n\t\t\t\t\t\t<div class=\"elementor-element elementor-element-054f512 elementor-widget elementor-widget-theme-post-title elementor-page-title elementor-widget-heading\" data-id=\"054f512\" data-element_type=\"widget\" data-e-type=\"widget\" data-widget_type=\"theme-post-title.default\">\n\t\t\t\t<div class=\"elementor-widget-container\">\n\t\t\t\t\t<h1 class=\"elementor-heading-title elementor-size-default\"> \u041e \u043d\u0430\u0441<\/h1>\t\t\t\t<\/div>\n\t\t\t\t<\/div>\n\t\t\t\t\t<\/div>\n\t\t<\/div>\n\t\t\t\t\t<\/div>\n\t\t<\/section>\n\t\t\t\t<section class=\"elementor-section elementor-top-section elementor-element elementor-element-84ab084 elementor-section-boxed elementor-section-height-default elementor-section-height-default\" data-id=\"84ab084\" data-element_type=\"section\" data-e-type=\"section\">\n\t\t\t\t\t\t<div class=\"elementor-container elementor-column-gap-default\">\n\t\t\t\t\t<div class=\"elementor-column elementor-col-100 elementor-top-column elementor-element elementor-element-4050978\" data-id=\"4050978\" data-element_type=\"column\" data-e-type=\"column\">\n\t\t\t<div class=\"elementor-widget-wrap elementor-element-populated\">\n\t\t\t\t\t\t<div class=\"elementor-element elementor-element-3f577ff elementor-widget elementor-widget-text-editor\" data-id=\"3f577ff\" data-element_type=\"widget\" data-e-type=\"widget\" data-widget_type=\"text-editor.default\">\n\t\t\t\t<div class=\"elementor-widget-container\">\n\t\t\t\t\t\t\t\t\t<p>\u0418\u043c\u0435\u044f \u0431\u043e\u043b\u0435\u0435 \u0447\u0435\u043c <strong>30-\u043b\u0435\u0442\u043d\u044e\u044e<\/strong> \u0442\u0440\u0430\u0434\u0438\u0446\u0438\u044e \u0432\u044b\u0440\u0430\u0449\u0438\u0432\u0430\u043d\u0438\u044f \u0444\u0440\u0443\u043a\u0442\u043e\u0432 \u0438 \u0432\u0438\u043d\u043e\u0433\u0440\u0430\u0434\u0430\u0440\u0441\u0442\u0432\u0430, <strong>FRUEKO Ltd<\/strong> \u044f\u0432\u043b\u044f\u0435\u0442\u0441\u044f \u043b\u0438\u0434\u0435\u0440\u043e\u043c \u0432 \u043e\u0431\u043b\u0430\u0441\u0442\u0438 \u0432\u044b\u0440\u0430\u0449\u0438\u0432\u0430\u043d\u0438\u044f \u0444\u0440\u0443\u043a\u0442\u043e\u0432 \u0432 \u0421\u0435\u0440\u0431\u0438\u0438 \u0438 \u0440\u0435\u0433\u0438\u043e\u043d\u0435. \u0412\u0441\u0435 \u043d\u0430\u0448\u0438 \u0441\u0430\u0434\u044b \u0437\u0430\u0441\u0430\u0436\u0435\u043d\u044b \u043f\u043e \u0441\u0430\u043c\u044b\u043c \u0432\u044b\u0441\u043e\u043a\u0438\u043c \u043c\u0438\u0440\u043e\u0432\u044b\u043c \u0441\u0442\u0430\u043d\u0434\u0430\u0440\u0442\u0430\u043c \u0438 \u043e\u0441\u043d\u0430\u0449\u0435\u043d\u044b \u0441\u043e\u0432\u0440\u0435\u043c\u0435\u043d\u043d\u044b\u043c\u0438 \u0442\u0435\u0445\u043d\u043e\u043b\u043e\u0433\u0438\u044f\u043c\u0438:<\/p><ul><li><em>\u0431\u0435\u0437\u0432\u0438\u0440\u0443\u0441\u043d\u044b\u0439 \u0438 \u0441\u0435\u0440\u0442\u0438\u0444\u0438\u0446\u0438\u0440\u043e\u0432\u0430\u043d\u043d\u044b\u0439 \u043f\u043e\u0441\u0430\u0434\u043e\u0447\u043d\u044b\u0439 \u043c\u0430\u0442\u0435\u0440\u0438\u0430\u043b<\/em><\/li><li><em>\u043f\u0440\u043e\u0442\u0438\u0432\u043e\u0433\u0440\u0430\u0434\u043e\u0432\u044b\u0435 \u0441\u0435\u0442\u043a\u0438<\/em><\/li><li><em>\u043a\u0430\u043f\u0435\u043b\u044c\u043d\u043e\u0435 \u043e\u0440\u043e\u0448\u0435\u043d\u0438\u0435 \u0438 \u0441\u0438\u0441\u0442\u0435\u043c\u044b \u0444\u0435\u0440\u0442\u0438\u0433\u0430\u0446\u0438\u0438 \u0441 \u043a\u043e\u043c\u043f\u044c\u044e\u0442\u0435\u0440\u043d\u044b\u043c \u0443\u043f\u0440\u0430\u0432\u043b\u0435\u043d\u0438\u0435\u043c<\/em><\/li><li><em>\u0441\u0438\u0441\u0442\u0435\u043c\u0430 \u041c\u0415\u0422\u041e\u0421<\/em><\/li><\/ul><p>\u00a0<\/p><p><strong>1988<\/strong>\u0433\u043e\u0434\u0443 \u0436\u0435\u043b\u0430\u043d\u0438\u0435 \u0438 \u0438\u0434\u0435\u044f \u043d\u0430\u0447\u0430\u0442\u044c \u0441\u043e\u0431\u0441\u0442\u0432\u0435\u043d\u043d\u043e\u0435 \u043f\u0440\u043e\u0438\u0437\u0432\u043e\u0434\u0441\u0442\u0432\u043e \u0444\u0440\u0443\u043a\u0442\u043e\u0432 \u0431\u044b\u043b\u0438 \u0440\u0435\u0430\u043b\u0438\u0437\u043e\u0432\u0430\u043d\u044b, \u043f\u043e\u0441\u0430\u0434\u0438\u0432 \u043f\u0435\u0440\u0432\u044b\u0435 \u043f\u0435\u0440\u0441\u0438\u043a\u043e\u0432\u044b\u0435 \u0434\u0435\u0440\u0435\u0432\u044c\u044f \u0438 \u0432\u0438\u043d\u043e\u0433\u0440\u0430\u0434\u043d\u0438\u043a\u0438 \u0432 \u0441\u0435\u043c\u0435\u0439\u043d\u043e\u043c \u0445\u043e\u0437\u044f\u0439\u0441\u0442\u0432\u0435 \u041b\u0430\u0437\u0438\u0447\u0435\u0439.<\/p><p><strong>1996<\/strong>\u0433\u043e\u0434\u0443 \u0432 \u041a\u0443\u043a\u0443\u0435\u0432\u0446\u0430\u0445 \u0431\u044b\u043b\u0438 \u043f\u043e\u0441\u0430\u0436\u0435\u043d\u044b \u043f\u0435\u0440\u0432\u044b\u0435 \u044f\u0431\u043b\u043e\u043d\u0438.<\/p><p><strong>2001<\/strong>\u0433\u043e\u0434\u0443 \u0432 \u041a\u0443\u043a\u0443\u0435\u0432\u0446\u0430\u0445 \u0431\u044b\u043b\u0438 \u043f\u043e\u0441\u0430\u0436\u0435\u043d\u044b \u043d\u043e\u0432\u044b\u0435 \u044f\u0431\u043b\u043e\u043a\u0438.<\/p><p><strong>2006<\/strong>\u0433\u043e\u0434 \u043f\u0440\u0435\u0434\u0441\u0442\u0430\u0432\u043b\u044f\u0435\u0442 \u0441\u043e\u0431\u043e\u0439 \u043f\u043e\u0432\u043e\u0440\u043e\u0442\u043d\u044b\u0439 \u043c\u043e\u043c\u0435\u043d\u0442 \u0432 \u0440\u0430\u0437\u0432\u0438\u0442\u0438\u0438 \u0438 \u0443\u043f\u0440\u0430\u0432\u043b\u0435\u043d\u0438\u0438 \u043d\u0430\u0448\u0435\u0439 \u043a\u043e\u043c\u043f\u0430\u043d\u0438\u0435\u0439. \u0412 \u0442\u043e\u043c \u0436\u0435 \u0433\u043e\u0434\u0443 \u043c\u044b \u043f\u043e\u0441\u0430\u0434\u0438\u043b\u0438 \u0432 \u0428\u0438\u0434\u0435 \u0433\u0440\u0443\u0448\u0435\u0432\u044b\u0439 \u0438 \u043e\u0440\u0435\u0445\u043e\u0432\u044b\u0439 \u0441\u0430\u0434\u044b. \u041c\u044b \u0442\u0430\u043a\u0436\u0435 \u043f\u043e\u0441\u0442\u0440\u043e\u0438\u043b\u0438 \u0441\u043e\u0432\u0440\u0435\u043c\u0435\u043d\u043d\u044b\u0439 \u0445\u043e\u043b\u043e\u0434\u0438\u043b\u044c\u043d\u044b\u0439 \u0441\u043a\u043b\u0430\u0434 ULO \u0432\u043c\u0435\u0441\u0442\u0438\u043c\u043e\u0441\u0442\u044c\u044e 3000 \u0442\u043e\u043d\u043d.<\/p><p><strong>2007<\/strong>\u0433\u043e\u0434\u0443 \u043c\u044b \u043f\u043e\u0441\u0430\u0434\u0438\u043b\u0438 \u043d\u043e\u0432\u044b\u0439 \u044f\u0431\u043b\u043e\u043d\u0435\u0432\u044b\u0439 \u0441\u0430\u0434 \u0432 \u041a\u0443\u043a\u0443\u0435\u0432\u0446\u0430\u0445.<\/p><p><strong>2011<\/strong>\u0433\u043e\u0434\u0443 \u0431\u044b\u043b\u0430 \u043e\u0441\u043d\u043e\u0432\u0430\u043d\u0430 \u043a\u043e\u043c\u043f\u0430\u043d\u0438\u044f FRUEKO Ltd, \u043a\u043e\u0442\u043e\u0440\u0430\u044f \u0432\u043e\u0437\u043d\u0438\u043a\u043b\u0430 \u0438\u0437 \u0441\u0435\u043c\u0435\u0439\u043d\u043e\u0433\u043e \u0431\u0438\u0437\u043d\u0435\u0441\u0430 \u0438 \u043f\u0440\u043e\u0434\u043e\u043b\u0436\u0430\u0435\u0442 \u0443\u0441\u043f\u0435\u0448\u043d\u043e \u0440\u0430\u0437\u0432\u0438\u0432\u0430\u0442\u044c \u0438 \u0441\u043e\u0432\u0435\u0440\u0448\u0435\u043d\u0441\u0442\u0432\u043e\u0432\u0430\u0442\u044c \u043f\u0440\u043e\u0438\u0437\u0432\u043e\u0434\u0441\u0442\u0432\u043e \u0444\u0440\u0443\u043a\u0442\u043e\u0432 \u043f\u043e \u0441\u0435\u0439 \u0434\u0435\u043d\u044c.<\/p><p><strong>2014<\/strong>\u0433\u043e\u0434\u0443 \u0432 \u041a\u0443\u043a\u0443\u0435\u0432\u0446\u0430\u0445 \u0431\u044b\u043b \u043f\u043e\u0441\u0430\u0436\u0435\u043d \u043d\u043e\u0432\u044b\u0439 \u044f\u0431\u043b\u043e\u043d\u0435\u0432\u044b\u0439 \u0441\u0430\u0434. \u0412 \u0442\u043e\u043c \u0436\u0435 \u0433\u043e\u0434\u0443 \u0432 \u0413\u0438\u0431\u0430\u0440\u0430\u0446\u0435 \u0431\u044b\u043b \u043f\u043e\u0441\u0430\u0436\u0435\u043d \u043d\u043e\u0432\u044b\u0439 \u044f\u0431\u043b\u043e\u043d\u0435\u0432\u044b\u0439 \u0441\u0430\u0434.<\/p><p><strong>2016<\/strong>\u0433\u043e\u0434\u0443 \u043c\u044b \u043f\u043e\u0441\u0430\u0434\u0438\u043b\u0438 \u043d\u043e\u0432\u044b\u0439 \u043e\u0440\u0435\u0445\u043e\u0432\u044b\u0439 \u0441\u0430\u0434. \u042d\u0442\u043e\u0442 \u0433\u043e\u0434 \u0437\u043d\u0430\u043c\u0435\u043d\u0430\u0442\u0435\u043b\u0435\u043d \u0434\u043b\u044f \u043d\u0430\u0448\u0435\u0439 \u043a\u043e\u043c\u043f\u0430\u043d\u0438\u0438 \u043a\u0430\u043a \u0433\u043e\u0434 \u0438\u043d\u0432\u0435\u0441\u0442\u0438\u0446\u0438\u0439 \u0432 \u043f\u0440\u043e\u0438\u0437\u0432\u043e\u0434\u0441\u0442\u0432\u043e, \u0442\u0430\u043a \u043a\u0430\u043a \u043c\u044b \u0443\u0432\u0435\u043b\u0438\u0447\u0438\u043b\u0438 \u043f\u043e\u0441\u0435\u0432\u043d\u044b\u0435 \u043f\u043b\u043e\u0449\u0430\u0434\u0438 \u0433\u0440\u0443\u0448\u0438.<\/p><p><strong>2018<\/strong>\u0433\u043e\u0434\u0443 \u043c\u044b \u043f\u043e\u0441\u0430\u0434\u0438\u043b\u0438 \u0432\u0442\u043e\u0440\u043e\u0439 \u044f\u0431\u043b\u043e\u043d\u0435\u0432\u044b\u0439 \u0441\u0430\u0434 \u0432 \u0413\u0438\u0431\u0430\u0440\u0430\u0446\u0435. \u0412 \u0442\u043e\u043c \u0436\u0435 \u0433\u043e\u0434\u0443 \u0432 \u041a\u0443\u043a\u0443\u0435\u0432\u0446\u0430\u0445 \u0431\u044b\u043b \u043f\u043e\u0441\u0430\u0436\u0435\u043d \u043d\u043e\u0432\u044b\u0439 \u044f\u0431\u043b\u043e\u043d\u0435\u0432\u044b\u0439 \u0441\u0430\u0434.<\/p><p><strong>2020<\/strong>\u0433\u043e\u0434\u0443 \u043f\u043e\u0441\u0430\u0434\u0438\u043b\u0438 \u044f\u0431\u043b\u043e\u043d\u0435\u0432\u044b\u0439 \u0441\u0430\u0434. \u041f\u043e\u0441\u0442\u0440\u043e\u0435\u043d \u043d\u043e\u0432\u044b\u0439 \u0445\u043e\u043b\u043e\u0434\u0438\u043b\u044c\u043d\u044b\u0439 \u0441\u043a\u043b\u0430\u0434 ULO \u0432\u043c\u0435\u0441\u0442\u0438\u043c\u043e\u0441\u0442\u044c\u044e 3500 \u0442\u043e\u043d\u043d. <span style=\"font-weight: 400;\">Izgra\u0111ena je nova ULO hladnja\u010da kapaciteta 3500t sa linijom za preradu vo\u0107a.<\/span><\/p><p><strong>2022<\/strong>\u0433\u043e\u0434\u0443 \u043f\u043b\u0430\u043d\u0438\u0440\u0443\u0435\u0442\u0441\u044f \u043f\u0440\u0438\u043e\u0431\u0440\u0435\u0442\u0435\u043d\u0438\u0435 \u043d\u043e\u0432\u043e\u0439 \u043b\u0438\u043d\u0438\u0438 \u0441\u043e\u0440\u0442\u0438\u0440\u043e\u0432\u043a\u0438 \u0444\u0440\u0443\u043a\u0442\u043e\u0432 (\u0441\u043e\u0440\u0442\u0438\u0440\u043e\u0432\u043e\u0447\u043d\u0430\u044f \u043b\u0438\u043d\u0438\u044f GREEFA CombiSort \u0441 \u0448\u0435\u0441\u0442\u044c\u044e \u0434\u043e\u0440\u043e\u0436\u043a\u0430\u043c\u0438 \u0434\u043b\u044f \u0441\u043e\u0440\u0442\u0438\u0440\u043e\u0432\u043a\u0438 \u044f\u0431\u043b\u043e\u043a \u0438 \u0433\u0440\u0443\u0448).<\/p>\t\t\t\t\t\t\t\t<\/div>\n\t\t\t\t<\/div>\n\t\t\t\t\t<\/div>\n\t\t<\/div>\n\t\t\t\t\t<\/div>\n\t\t<\/section>\n\t\t\t\t<\/div>","protected":false},"excerpt":{"rendered":"<p>Sa tradicijom od preko 35 godina u vo\u0107arstvu i vinogradarstvu, FRUEKO DOO je jedan od lidera u proizvodnji vo\u0107a u Srbiji i regionu. Svi na\u0161i vo\u0107njaci podignuti su po najvi\u0161im svetskim standardima i opremljeni su najsavremenijom opremom: bezvirusni i sertifikovan sadni materijal protivgradne mre\u017ee sistem za navodnjavanje kap po kap i sistem za fertirigaciju sa [&hellip;]<\/p>","protected":false},"author":1,"featured_media":0,"parent":0,"menu_order":0,"comment_status":"closed","ping_status":"closed","template":"elementor_header_footer","meta":{"footnotes":""},"class_list":["post-513","page","type-page","status-publish","hentry"],"yoast_head":"<!-- This site is optimized with the Yoast SEO plugin v26.9 - https:\/\/yoast.com\/product\/yoast-seo-wordpress\/ -->\n<title>O Nama - Frueko DOO<\/title>\n<meta name=\"description\" content=\"Od prvog zasada breskve na porodi\u010dnom imanju 1988. godine, FRUEKO je izrastao u modernu kompaniju, vode\u0107u u regionu u proizvodnji vo\u0107a. Saznajte vi\u0161e na web stranici.\" \/>\n<meta name=\"robots\" content=\"index, follow, max-snippet:-1, max-image-preview:large, max-video-preview:-1\" \/>\n<link rel=\"canonical\" href=\"https:\/\/www.frueko.rs\/ru\/o-nas\/\" \/>\n<meta property=\"og:locale\" content=\"ru_RU\" \/>\n<meta property=\"og:type\" content=\"article\" \/>\n<meta property=\"og:title\" content=\"O Nama - Frueko DOO\" \/>\n<meta property=\"og:description\" content=\"Od prvog zasada breskve na porodi\u010dnom imanju 1988. godine, FRUEKO je izrastao u modernu kompaniju, vode\u0107u u regionu u proizvodnji vo\u0107a. Saznajte vi\u0161e na web stranici.\" \/>\n<meta property=\"og:url\" content=\"https:\/\/www.frueko.rs\/ru\/o-nas\/\" \/>\n<meta property=\"og:site_name\" content=\"Frueko\" \/>\n<meta property=\"article:publisher\" content=\"https:\/\/www.facebook.com\/pages\/Frueko-DOO\/424790351468347\" \/>\n<meta property=\"article:modified_time\" content=\"2023-08-18T14:12:11+00:00\" \/>\n<meta name=\"twitter:card\" content=\"summary_large_image\" \/>\n<meta name=\"twitter:label1\" content=\"\u041f\u0440\u0438\u043c\u0435\u0440\u043d\u043e\u0435 \u0432\u0440\u0435\u043c\u044f \u0434\u043b\u044f \u0447\u0442\u0435\u043d\u0438\u044f\" \/>\n\t<meta name=\"twitter:data1\" content=\"2 \u043c\u0438\u043d\u0443\u0442\u044b\" \/>\n<script type=\"application\/ld+json\" class=\"yoast-schema-graph\">{\"@context\":\"https:\/\/schema.org\",\"@graph\":[{\"@type\":\"WebPage\",\"@id\":\"https:\/\/www.frueko.rs\/o-nama\/\",\"url\":\"https:\/\/www.frueko.rs\/o-nama\/\",\"name\":\"O Nama - Frueko DOO\",\"isPartOf\":{\"@id\":\"https:\/\/www.frueko.rs\/#website\"},\"datePublished\":\"2022-06-29T07:11:32+00:00\",\"dateModified\":\"2023-08-18T14:12:11+00:00\",\"description\":\"Od prvog zasada breskve na porodi\u010dnom imanju 1988. godine, FRUEKO je izrastao u modernu kompaniju, vode\u0107u u regionu u proizvodnji vo\u0107a. Saznajte vi\u0161e na web stranici.\",\"breadcrumb\":{\"@id\":\"https:\/\/www.frueko.rs\/o-nama\/#breadcrumb\"},\"inLanguage\":\"ru-RU\",\"potentialAction\":[{\"@type\":\"ReadAction\",\"target\":[\"https:\/\/www.frueko.rs\/o-nama\/\"]}]},{\"@type\":\"BreadcrumbList\",\"@id\":\"https:\/\/www.frueko.rs\/o-nama\/#breadcrumb\",\"itemListElement\":[{\"@type\":\"ListItem\",\"position\":1,\"name\":\"Home\",\"item\":\"https:\/\/www.frueko.rs\/\"},{\"@type\":\"ListItem\",\"position\":2,\"name\":\"O Nama\"}]},{\"@type\":\"WebSite\",\"@id\":\"https:\/\/www.frueko.rs\/#website\",\"url\":\"https:\/\/www.frueko.rs\/\",\"name\":\"Frueko\",\"description\":\"Lider u proizvodnji vo\u0107a u Srbiji\",\"publisher\":{\"@id\":\"https:\/\/www.frueko.rs\/#organization\"},\"potentialAction\":[{\"@type\":\"SearchAction\",\"target\":{\"@type\":\"EntryPoint\",\"urlTemplate\":\"https:\/\/www.frueko.rs\/?s={search_term_string}\"},\"query-input\":{\"@type\":\"PropertyValueSpecification\",\"valueRequired\":true,\"valueName\":\"search_term_string\"}}],\"inLanguage\":\"ru-RU\"},{\"@type\":\"Organization\",\"@id\":\"https:\/\/www.frueko.rs\/#organization\",\"name\":\"Frueko\",\"url\":\"https:\/\/www.frueko.rs\/\",\"logo\":{\"@type\":\"ImageObject\",\"inLanguage\":\"ru-RU\",\"@id\":\"https:\/\/www.frueko.rs\/#\/schema\/logo\/image\/\",\"url\":\"https:\/\/www.frueko.rs\/wp-content\/uploads\/2022\/07\/Frueko-logo-10.jpg\",\"contentUrl\":\"https:\/\/www.frueko.rs\/wp-content\/uploads\/2022\/07\/Frueko-logo-10.jpg\",\"width\":241,\"height\":164,\"caption\":\"Frueko\"},\"image\":{\"@id\":\"https:\/\/www.frueko.rs\/#\/schema\/logo\/image\/\"},\"sameAs\":[\"https:\/\/www.facebook.com\/pages\/Frueko-DOO\/424790351468347\",\"https:\/\/www.linkedin.com\/company\/frueko-doo-novi-sad\"]}]}<\/script>\n<!-- \/ Yoast SEO plugin. -->","yoast_head_json":{"title":"O Nama - Frueko DOO","description":"Od prvog zasada breskve na porodi\u010dnom imanju 1988. godine, FRUEKO je izrastao u modernu kompaniju, vode\u0107u u regionu u proizvodnji vo\u0107a. Saznajte vi\u0161e na web stranici.","robots":{"index":"index","follow":"follow","max-snippet":"max-snippet:-1","max-image-preview":"max-image-preview:large","max-video-preview":"max-video-preview:-1"},"canonical":"https:\/\/www.frueko.rs\/ru\/o-nas\/","og_locale":"ru_RU","og_type":"article","og_title":"O Nama - Frueko DOO","og_description":"Od prvog zasada breskve na porodi\u010dnom imanju 1988. godine, FRUEKO je izrastao u modernu kompaniju, vode\u0107u u regionu u proizvodnji vo\u0107a. Saznajte vi\u0161e na web stranici.","og_url":"https:\/\/www.frueko.rs\/ru\/o-nas\/","og_site_name":"Frueko","article_publisher":"https:\/\/www.facebook.com\/pages\/Frueko-DOO\/424790351468347","article_modified_time":"2023-08-18T14:12:11+00:00","twitter_card":"summary_large_image","twitter_misc":{"\u041f\u0440\u0438\u043c\u0435\u0440\u043d\u043e\u0435 \u0432\u0440\u0435\u043c\u044f \u0434\u043b\u044f \u0447\u0442\u0435\u043d\u0438\u044f":"2 \u043c\u0438\u043d\u0443\u0442\u044b"},"schema":{"@context":"https:\/\/schema.org","@graph":[{"@type":"WebPage","@id":"https:\/\/www.frueko.rs\/o-nama\/","url":"https:\/\/www.frueko.rs\/o-nama\/","name":"O Nama - Frueko DOO","isPartOf":{"@id":"https:\/\/www.frueko.rs\/#website"},"datePublished":"2022-06-29T07:11:32+00:00","dateModified":"2023-08-18T14:12:11+00:00","description":"Od prvog zasada breskve na porodi\u010dnom imanju 1988. godine, FRUEKO je izrastao u modernu kompaniju, vode\u0107u u regionu u proizvodnji vo\u0107a. Saznajte vi\u0161e na web stranici.","breadcrumb":{"@id":"https:\/\/www.frueko.rs\/o-nama\/#breadcrumb"},"inLanguage":"ru-RU","potentialAction":[{"@type":"ReadAction","target":["https:\/\/www.frueko.rs\/o-nama\/"]}]},{"@type":"BreadcrumbList","@id":"https:\/\/www.frueko.rs\/o-nama\/#breadcrumb","itemListElement":[{"@type":"ListItem","position":1,"name":"Home","item":"https:\/\/www.frueko.rs\/"},{"@type":"ListItem","position":2,"name":"O Nama"}]},{"@type":"WebSite","@id":"https:\/\/www.frueko.rs\/#website","url":"https:\/\/www.frueko.rs\/","name":"Frueko","description":"Lider u proizvodnji vo\u0107a u Srbiji","publisher":{"@id":"https:\/\/www.frueko.rs\/#organization"},"potentialAction":[{"@type":"SearchAction","target":{"@type":"EntryPoint","urlTemplate":"https:\/\/www.frueko.rs\/?s={search_term_string}"},"query-input":{"@type":"PropertyValueSpecification","valueRequired":true,"valueName":"search_term_string"}}],"inLanguage":"ru-RU"},{"@type":"Organization","@id":"https:\/\/www.frueko.rs\/#organization","name":"Frueko","url":"https:\/\/www.frueko.rs\/","logo":{"@type":"ImageObject","inLanguage":"ru-RU","@id":"https:\/\/www.frueko.rs\/#\/schema\/logo\/image\/","url":"https:\/\/www.frueko.rs\/wp-content\/uploads\/2022\/07\/Frueko-logo-10.jpg","contentUrl":"https:\/\/www.frueko.rs\/wp-content\/uploads\/2022\/07\/Frueko-logo-10.jpg","width":241,"height":164,"caption":"Frueko"},"image":{"@id":"https:\/\/www.frueko.rs\/#\/schema\/logo\/image\/"},"sameAs":["https:\/\/www.facebook.com\/pages\/Frueko-DOO\/424790351468347","https:\/\/www.linkedin.com\/company\/frueko-doo-novi-sad"]}]}},"_links":{"self":[{"href":"https:\/\/www.frueko.rs\/ru\/wp-json\/wp\/v2\/pages\/513","targetHints":{"allow":["GET"]}}],"collection":[{"href":"https:\/\/www.frueko.rs\/ru\/wp-json\/wp\/v2\/pages"}],"about":[{"href":"https:\/\/www.frueko.rs\/ru\/wp-json\/wp\/v2\/types\/page"}],"author":[{"embeddable":true,"href":"https:\/\/www.frueko.rs\/ru\/wp-json\/wp\/v2\/users\/1"}],"replies":[{"embeddable":true,"href":"https:\/\/www.frueko.rs\/ru\/wp-json\/wp\/v2\/comments?post=513"}],"version-history":[{"count":46,"href":"https:\/\/www.frueko.rs\/ru\/wp-json\/wp\/v2\/pages\/513\/revisions"}],"predecessor-version":[{"id":3842,"href":"https:\/\/www.frueko.rs\/ru\/wp-json\/wp\/v2\/pages\/513\/revisions\/3842"}],"wp:attachment":[{"href":"https:\/\/www.frueko.rs\/ru\/wp-json\/wp\/v2\/media?parent=513"}],"curies":[{"name":"wp","href":"https:\/\/api.w.org\/{rel}","templated":true}]}}