{"id":930,"date":"2022-07-01T13:39:49","date_gmt":"2022-07-01T13:39:49","guid":{"rendered":"https:\/\/hostelnomad.com\/?page_id=930"},"modified":"2022-10-05T09:52:38","modified_gmt":"2022-10-05T07:52:38","slug":"skladistenje-i-pakovanje","status":"publish","type":"page","link":"https:\/\/www.frueko.rs\/en\/storage-and-packaging\/","title":{"rendered":"Storage and Packaging"},"content":{"rendered":"<div data-elementor-type=\"wp-page\" data-elementor-id=\"930\" class=\"elementor elementor-930\" data-elementor-post-type=\"page\">\n\t\t\t\t\t\t<section class=\"elementor-section elementor-top-section elementor-element elementor-element-7edc72a elementor-section-full_width elementor-section-height-min-height elementor-section-height-default elementor-section-items-middle\" data-id=\"7edc72a\" data-element_type=\"section\" data-e-type=\"section\" data-settings=\"{&quot;background_background&quot;:&quot;classic&quot;}\">\n\t\t\t\t\t\t\t<div class=\"elementor-background-overlay\"><\/div>\n\t\t\t\t\t\t\t<div class=\"elementor-container elementor-column-gap-default\">\n\t\t\t\t\t<div class=\"elementor-column elementor-col-100 elementor-top-column elementor-element elementor-element-4fcde8c\" data-id=\"4fcde8c\" data-element_type=\"column\" data-e-type=\"column\">\n\t\t\t<div class=\"elementor-widget-wrap elementor-element-populated\">\n\t\t\t\t\t\t\t<\/div>\n\t\t<\/div>\n\t\t\t\t\t<\/div>\n\t\t<\/section>\n\t\t\t\t<section class=\"elementor-section elementor-top-section elementor-element elementor-element-e435c3d elementor-section-boxed elementor-section-height-default elementor-section-height-default\" data-id=\"e435c3d\" data-element_type=\"section\" data-e-type=\"section\">\n\t\t\t\t\t\t<div class=\"elementor-container elementor-column-gap-default\">\n\t\t\t\t\t<div class=\"elementor-column elementor-col-50 elementor-top-column elementor-element elementor-element-50fb07c\" data-id=\"50fb07c\" data-element_type=\"column\" data-e-type=\"column\">\n\t\t\t<div class=\"elementor-widget-wrap elementor-element-populated\">\n\t\t\t\t\t\t<div class=\"elementor-element elementor-element-4dc311f elementor-widget elementor-widget-text-editor\" data-id=\"4dc311f\" data-element_type=\"widget\" data-e-type=\"widget\" data-widget_type=\"text-editor.default\">\n\t\t\t\t<div class=\"elementor-widget-container\">\n\t\t\t\t\t\t\t\t\t<p>FRUEKO owns a modern 6 500 tons capacity ULO cold storage, where we store our fruit for a longer period with a so-called ULO \u2018Ultra-low Oxygen\u2019 controlled atmosphere - ultra low oxygen levels.<\/p><p>We have the newest fruit sorting and calibration equipment, GREEFA Combisort CZA95, with a capacity of 9 t\/h, enabling fruit washing and sorting by size, weight, or color. Our sorting line has 6 lanes and 15 passes for packaging with the latest generation damper IDAP - XR, which consists of plunge pool, remote control, and automatic width and height adjustments. Product color is determined by HD color cameras operating in the IQS system.<\/p><p>We are here to meet all the requirements of our customers regarding wrapping material and packaging of goods according to their wishes.<\/p>\t\t\t\t\t\t\t\t<\/div>\n\t\t\t\t<\/div>\n\t\t\t\t\t<\/div>\n\t\t<\/div>\n\t\t\t\t<div class=\"elementor-column elementor-col-50 elementor-top-column elementor-element elementor-element-06a4e62\" data-id=\"06a4e62\" data-element_type=\"column\" data-e-type=\"column\">\n\t\t\t<div class=\"elementor-widget-wrap elementor-element-populated\">\n\t\t\t\t\t\t<div class=\"elementor-element elementor-element-098ef72 elementor-widget elementor-widget-image\" data-id=\"098ef72\" data-element_type=\"widget\" data-e-type=\"widget\" data-widget_type=\"image.default\">\n\t\t\t\t<div class=\"elementor-widget-container\">\n\t\t\t\t\t\t\t\t\t\t\t\t\t\t\t<img fetchpriority=\"high\" decoding=\"async\" width=\"1024\" height=\"993\" src=\"https:\/\/www.frueko.rs\/wp-content\/uploads\/2022\/07\/Pakovanje-i-skladistenje-19.jpg\" class=\"attachment-full size-full wp-image-1337\" alt=\"gajba sa crvenim jabukama ispred gomile praznih gajbi\" srcset=\"https:\/\/www.frueko.rs\/wp-content\/uploads\/2022\/07\/Pakovanje-i-skladistenje-19.jpg 1024w, https:\/\/www.frueko.rs\/wp-content\/uploads\/2022\/07\/Pakovanje-i-skladistenje-19-300x291.jpg 300w, https:\/\/www.frueko.rs\/wp-content\/uploads\/2022\/07\/Pakovanje-i-skladistenje-19-768x745.jpg 768w\" sizes=\"(max-width: 1024px) 100vw, 1024px\" \/>\t\t\t\t\t\t\t\t\t\t\t\t\t\t\t<\/div>\n\t\t\t\t<\/div>\n\t\t\t\t\t<\/div>\n\t\t<\/div>\n\t\t\t\t\t<\/div>\n\t\t<\/section>\n\t\t\t\t<\/div>","protected":false},"excerpt":{"rendered":"<p>FRUEKO poseduje savremenu hladnja\u010du kapaciteta 6.500 tona, gde na\u0161e vo\u0107e mo\u017eemo da skladi\u0161timo na du\u017ei period sa takozvanom ULO \u201eUltra Low Oxygen\u201c kontrolisanom atmosferom \u2013 ultra niskim sadr\u017eajem kiseonika. Posedujemo najsavremeniju opremu za sortiranje i kalibriranje vo\u0107a GREEFA Combisort CZA95 kapaciteta 9 tona\/h koja omogu\u0107ava pranje i sortiranje vo\u0107a po veli\u010dini, te\u017eini i boji. Na\u0161a [&hellip;]<\/p>","protected":false},"author":1,"featured_media":0,"parent":0,"menu_order":0,"comment_status":"closed","ping_status":"closed","template":"elementor_header_footer","meta":{"footnotes":""},"class_list":["post-930","page","type-page","status-publish","hentry"],"yoast_head":"<!-- This site is optimized with the Yoast SEO plugin v26.9 - https:\/\/yoast.com\/product\/yoast-seo-wordpress\/ -->\n<title>Skladi\u0161tenje i Pakovanje - Frueko DOO<\/title>\n<meta name=\"description\" content=\"FRUEKO raspola\u017ee najsavremenijom opremom za pakovanje i skladi\u0161tenje. O sortiranju, na\u010dinu skladi\u0161tenja i pakovanja vo\u0107a saznajte vi\u0161e na na\u0161oj web stranici.\" \/>\n<meta name=\"robots\" content=\"index, follow, max-snippet:-1, max-image-preview:large, max-video-preview:-1\" \/>\n<link rel=\"canonical\" href=\"https:\/\/www.frueko.rs\/en\/storage-and-packaging\/\" \/>\n<meta property=\"og:locale\" content=\"en_GB\" \/>\n<meta property=\"og:type\" content=\"article\" \/>\n<meta property=\"og:title\" content=\"Skladi\u0161tenje i Pakovanje - Frueko DOO\" \/>\n<meta property=\"og:description\" content=\"FRUEKO raspola\u017ee najsavremenijom opremom za pakovanje i skladi\u0161tenje. O sortiranju, na\u010dinu skladi\u0161tenja i pakovanja vo\u0107a saznajte vi\u0161e na na\u0161oj web stranici.\" \/>\n<meta property=\"og:url\" content=\"https:\/\/www.frueko.rs\/en\/storage-and-packaging\/\" \/>\n<meta property=\"og:site_name\" content=\"Frueko\" \/>\n<meta property=\"article:publisher\" content=\"https:\/\/www.facebook.com\/pages\/Frueko-DOO\/424790351468347\" \/>\n<meta property=\"article:modified_time\" content=\"2022-10-05T07:52:38+00:00\" \/>\n<meta property=\"og:image\" content=\"https:\/\/www.frueko.rs\/wp-content\/uploads\/2022\/07\/Pakovanje-i-skladistenje-19.jpg\" \/>\n<meta name=\"twitter:card\" content=\"summary_large_image\" \/>\n<meta name=\"twitter:label1\" content=\"Estimated reading time\" \/>\n\t<meta name=\"twitter:data1\" content=\"1 minute\" \/>\n<script type=\"application\/ld+json\" class=\"yoast-schema-graph\">{\"@context\":\"https:\/\/schema.org\",\"@graph\":[{\"@type\":\"WebPage\",\"@id\":\"https:\/\/www.frueko.rs\/skladistenje-i-pakovanje\/\",\"url\":\"https:\/\/www.frueko.rs\/skladistenje-i-pakovanje\/\",\"name\":\"Skladi\u0161tenje i Pakovanje - Frueko DOO\",\"isPartOf\":{\"@id\":\"https:\/\/www.frueko.rs\/#website\"},\"primaryImageOfPage\":{\"@id\":\"https:\/\/www.frueko.rs\/skladistenje-i-pakovanje\/#primaryimage\"},\"image\":{\"@id\":\"https:\/\/www.frueko.rs\/skladistenje-i-pakovanje\/#primaryimage\"},\"thumbnailUrl\":\"https:\/\/www.frueko.rs\/wp-content\/uploads\/2022\/07\/Pakovanje-i-skladistenje-19.jpg\",\"datePublished\":\"2022-07-01T13:39:49+00:00\",\"dateModified\":\"2022-10-05T07:52:38+00:00\",\"description\":\"FRUEKO raspola\u017ee najsavremenijom opremom za pakovanje i skladi\u0161tenje. O sortiranju, na\u010dinu skladi\u0161tenja i pakovanja vo\u0107a saznajte vi\u0161e na na\u0161oj web stranici.\",\"breadcrumb\":{\"@id\":\"https:\/\/www.frueko.rs\/skladistenje-i-pakovanje\/#breadcrumb\"},\"inLanguage\":\"en-GB\",\"potentialAction\":[{\"@type\":\"ReadAction\",\"target\":[\"https:\/\/www.frueko.rs\/skladistenje-i-pakovanje\/\"]}]},{\"@type\":\"ImageObject\",\"inLanguage\":\"en-GB\",\"@id\":\"https:\/\/www.frueko.rs\/skladistenje-i-pakovanje\/#primaryimage\",\"url\":\"https:\/\/www.frueko.rs\/wp-content\/uploads\/2022\/07\/Pakovanje-i-skladistenje-19.jpg\",\"contentUrl\":\"https:\/\/www.frueko.rs\/wp-content\/uploads\/2022\/07\/Pakovanje-i-skladistenje-19.jpg\"},{\"@type\":\"BreadcrumbList\",\"@id\":\"https:\/\/www.frueko.rs\/skladistenje-i-pakovanje\/#breadcrumb\",\"itemListElement\":[{\"@type\":\"ListItem\",\"position\":1,\"name\":\"Home\",\"item\":\"https:\/\/www.frueko.rs\/\"},{\"@type\":\"ListItem\",\"position\":2,\"name\":\"Skladi\u0161tenje i Pakovanje\"}]},{\"@type\":\"WebSite\",\"@id\":\"https:\/\/www.frueko.rs\/#website\",\"url\":\"https:\/\/www.frueko.rs\/\",\"name\":\"Frueko\",\"description\":\"Lider u proizvodnji vo\u0107a u Srbiji\",\"publisher\":{\"@id\":\"https:\/\/www.frueko.rs\/#organization\"},\"potentialAction\":[{\"@type\":\"SearchAction\",\"target\":{\"@type\":\"EntryPoint\",\"urlTemplate\":\"https:\/\/www.frueko.rs\/?s={search_term_string}\"},\"query-input\":{\"@type\":\"PropertyValueSpecification\",\"valueRequired\":true,\"valueName\":\"search_term_string\"}}],\"inLanguage\":\"en-GB\"},{\"@type\":\"Organization\",\"@id\":\"https:\/\/www.frueko.rs\/#organization\",\"name\":\"Frueko\",\"url\":\"https:\/\/www.frueko.rs\/\",\"logo\":{\"@type\":\"ImageObject\",\"inLanguage\":\"en-GB\",\"@id\":\"https:\/\/www.frueko.rs\/#\/schema\/logo\/image\/\",\"url\":\"https:\/\/www.frueko.rs\/wp-content\/uploads\/2022\/07\/Frueko-logo-10.jpg\",\"contentUrl\":\"https:\/\/www.frueko.rs\/wp-content\/uploads\/2022\/07\/Frueko-logo-10.jpg\",\"width\":241,\"height\":164,\"caption\":\"Frueko\"},\"image\":{\"@id\":\"https:\/\/www.frueko.rs\/#\/schema\/logo\/image\/\"},\"sameAs\":[\"https:\/\/www.facebook.com\/pages\/Frueko-DOO\/424790351468347\",\"https:\/\/www.linkedin.com\/company\/frueko-doo-novi-sad\"]}]}<\/script>\n<!-- \/ Yoast SEO plugin. -->","yoast_head_json":{"title":"Skladi\u0161tenje i Pakovanje - Frueko DOO","description":"FRUEKO raspola\u017ee najsavremenijom opremom za pakovanje i skladi\u0161tenje. O sortiranju, na\u010dinu skladi\u0161tenja i pakovanja vo\u0107a saznajte vi\u0161e na na\u0161oj web stranici.","robots":{"index":"index","follow":"follow","max-snippet":"max-snippet:-1","max-image-preview":"max-image-preview:large","max-video-preview":"max-video-preview:-1"},"canonical":"https:\/\/www.frueko.rs\/en\/storage-and-packaging\/","og_locale":"en_GB","og_type":"article","og_title":"Skladi\u0161tenje i Pakovanje - Frueko DOO","og_description":"FRUEKO raspola\u017ee najsavremenijom opremom za pakovanje i skladi\u0161tenje. O sortiranju, na\u010dinu skladi\u0161tenja i pakovanja vo\u0107a saznajte vi\u0161e na na\u0161oj web stranici.","og_url":"https:\/\/www.frueko.rs\/en\/storage-and-packaging\/","og_site_name":"Frueko","article_publisher":"https:\/\/www.facebook.com\/pages\/Frueko-DOO\/424790351468347","article_modified_time":"2022-10-05T07:52:38+00:00","og_image":[{"url":"https:\/\/www.frueko.rs\/wp-content\/uploads\/2022\/07\/Pakovanje-i-skladistenje-19.jpg","type":"","width":"","height":""}],"twitter_card":"summary_large_image","twitter_misc":{"Estimated reading time":"1 minute"},"schema":{"@context":"https:\/\/schema.org","@graph":[{"@type":"WebPage","@id":"https:\/\/www.frueko.rs\/skladistenje-i-pakovanje\/","url":"https:\/\/www.frueko.rs\/skladistenje-i-pakovanje\/","name":"Skladi\u0161tenje i Pakovanje - Frueko DOO","isPartOf":{"@id":"https:\/\/www.frueko.rs\/#website"},"primaryImageOfPage":{"@id":"https:\/\/www.frueko.rs\/skladistenje-i-pakovanje\/#primaryimage"},"image":{"@id":"https:\/\/www.frueko.rs\/skladistenje-i-pakovanje\/#primaryimage"},"thumbnailUrl":"https:\/\/www.frueko.rs\/wp-content\/uploads\/2022\/07\/Pakovanje-i-skladistenje-19.jpg","datePublished":"2022-07-01T13:39:49+00:00","dateModified":"2022-10-05T07:52:38+00:00","description":"FRUEKO raspola\u017ee najsavremenijom opremom za pakovanje i skladi\u0161tenje. O sortiranju, na\u010dinu skladi\u0161tenja i pakovanja vo\u0107a saznajte vi\u0161e na na\u0161oj web stranici.","breadcrumb":{"@id":"https:\/\/www.frueko.rs\/skladistenje-i-pakovanje\/#breadcrumb"},"inLanguage":"en-GB","potentialAction":[{"@type":"ReadAction","target":["https:\/\/www.frueko.rs\/skladistenje-i-pakovanje\/"]}]},{"@type":"ImageObject","inLanguage":"en-GB","@id":"https:\/\/www.frueko.rs\/skladistenje-i-pakovanje\/#primaryimage","url":"https:\/\/www.frueko.rs\/wp-content\/uploads\/2022\/07\/Pakovanje-i-skladistenje-19.jpg","contentUrl":"https:\/\/www.frueko.rs\/wp-content\/uploads\/2022\/07\/Pakovanje-i-skladistenje-19.jpg"},{"@type":"BreadcrumbList","@id":"https:\/\/www.frueko.rs\/skladistenje-i-pakovanje\/#breadcrumb","itemListElement":[{"@type":"ListItem","position":1,"name":"Home","item":"https:\/\/www.frueko.rs\/"},{"@type":"ListItem","position":2,"name":"Skladi\u0161tenje i Pakovanje"}]},{"@type":"WebSite","@id":"https:\/\/www.frueko.rs\/#website","url":"https:\/\/www.frueko.rs\/","name":"Frueko","description":"Lider u proizvodnji vo\u0107a u Srbiji","publisher":{"@id":"https:\/\/www.frueko.rs\/#organization"},"potentialAction":[{"@type":"SearchAction","target":{"@type":"EntryPoint","urlTemplate":"https:\/\/www.frueko.rs\/?s={search_term_string}"},"query-input":{"@type":"PropertyValueSpecification","valueRequired":true,"valueName":"search_term_string"}}],"inLanguage":"en-GB"},{"@type":"Organization","@id":"https:\/\/www.frueko.rs\/#organization","name":"Frueko","url":"https:\/\/www.frueko.rs\/","logo":{"@type":"ImageObject","inLanguage":"en-GB","@id":"https:\/\/www.frueko.rs\/#\/schema\/logo\/image\/","url":"https:\/\/www.frueko.rs\/wp-content\/uploads\/2022\/07\/Frueko-logo-10.jpg","contentUrl":"https:\/\/www.frueko.rs\/wp-content\/uploads\/2022\/07\/Frueko-logo-10.jpg","width":241,"height":164,"caption":"Frueko"},"image":{"@id":"https:\/\/www.frueko.rs\/#\/schema\/logo\/image\/"},"sameAs":["https:\/\/www.facebook.com\/pages\/Frueko-DOO\/424790351468347","https:\/\/www.linkedin.com\/company\/frueko-doo-novi-sad"]}]}},"_links":{"self":[{"href":"https:\/\/www.frueko.rs\/en\/wp-json\/wp\/v2\/pages\/930","targetHints":{"allow":["GET"]}}],"collection":[{"href":"https:\/\/www.frueko.rs\/en\/wp-json\/wp\/v2\/pages"}],"about":[{"href":"https:\/\/www.frueko.rs\/en\/wp-json\/wp\/v2\/types\/page"}],"author":[{"embeddable":true,"href":"https:\/\/www.frueko.rs\/en\/wp-json\/wp\/v2\/users\/1"}],"replies":[{"embeddable":true,"href":"https:\/\/www.frueko.rs\/en\/wp-json\/wp\/v2\/comments?post=930"}],"version-history":[{"count":5,"href":"https:\/\/www.frueko.rs\/en\/wp-json\/wp\/v2\/pages\/930\/revisions"}],"predecessor-version":[{"id":3218,"href":"https:\/\/www.frueko.rs\/en\/wp-json\/wp\/v2\/pages\/930\/revisions\/3218"}],"wp:attachment":[{"href":"https:\/\/www.frueko.rs\/en\/wp-json\/wp\/v2\/media?parent=930"}],"curies":[{"name":"wp","href":"https:\/\/api.w.org\/{rel}","templated":true}]}}