{"id":852,"date":"2022-06-30T13:57:47","date_gmt":"2022-06-30T13:57:47","guid":{"rendered":"https:\/\/hostelnomad.com\/?page_id=852"},"modified":"2022-10-05T09:52:50","modified_gmt":"2022-10-05T07:52:50","slug":"zaposlenje","status":"publish","type":"page","link":"https:\/\/www.frueko.rs\/en\/employment\/","title":{"rendered":"Zaposlenje &#8211; Frueko DOO"},"content":{"rendered":"<div data-elementor-type=\"wp-page\" data-elementor-id=\"852\" class=\"elementor elementor-852\" data-elementor-post-type=\"page\">\n\t\t\t\t\t\t<section class=\"elementor-section elementor-top-section elementor-element elementor-element-ea956d1 elementor-section-full_width elementor-section-height-min-height elementor-section-height-default elementor-section-items-middle\" data-id=\"ea956d1\" data-element_type=\"section\" data-e-type=\"section\" data-settings=\"{&quot;background_background&quot;:&quot;classic&quot;}\">\n\t\t\t\t\t\t\t<div class=\"elementor-background-overlay\"><\/div>\n\t\t\t\t\t\t\t<div class=\"elementor-container elementor-column-gap-default\">\n\t\t\t\t\t<div class=\"elementor-column elementor-col-100 elementor-top-column elementor-element elementor-element-adc0cdd\" data-id=\"adc0cdd\" data-element_type=\"column\" data-e-type=\"column\">\n\t\t\t<div class=\"elementor-widget-wrap elementor-element-populated\">\n\t\t\t\t\t\t<div class=\"elementor-element elementor-element-f19f016 elementor-widget elementor-widget-heading\" data-id=\"f19f016\" data-element_type=\"widget\" data-e-type=\"widget\" data-widget_type=\"heading.default\">\n\t\t\t\t<div class=\"elementor-widget-container\">\n\t\t\t\t\t<h1 class=\"elementor-heading-title elementor-size-default\">Join Our Team!<\/h1>\t\t\t\t<\/div>\n\t\t\t\t<\/div>\n\t\t\t\t\t<\/div>\n\t\t<\/div>\n\t\t\t\t\t<\/div>\n\t\t<\/section>\n\t\t\t\t<section class=\"elementor-section elementor-top-section elementor-element elementor-element-8a93a92 elementor-section-boxed elementor-section-height-default elementor-section-height-default\" data-id=\"8a93a92\" data-element_type=\"section\" data-e-type=\"section\">\n\t\t\t\t\t\t<div class=\"elementor-container elementor-column-gap-default\">\n\t\t\t\t\t<div class=\"elementor-column elementor-col-100 elementor-top-column elementor-element elementor-element-adf14bc\" data-id=\"adf14bc\" data-element_type=\"column\" data-e-type=\"column\">\n\t\t\t<div class=\"elementor-widget-wrap elementor-element-populated\">\n\t\t\t\t\t\t<div class=\"elementor-element elementor-element-82472d4 elementor-widget elementor-widget-text-editor\" data-id=\"82472d4\" data-element_type=\"widget\" data-e-type=\"widget\" data-widget_type=\"text-editor.default\">\n\t\t\t\t<div class=\"elementor-widget-container\">\n\t\t\t\t\t\t\t\t\t<p><span style=\"font-weight: 400;\">Frueko is a family company that is constantly progressing thanks to joint knowledge and the belief that it can only develop with joint effort and enthusiasm.\u00a0<\/span><\/p><p><span style=\"font-weight: 400;\">Are you convinced that you have the necessary qualifications and interest in our business, and are you ready and willing to invest your knowledge and dedication?<\/span><\/p><p><span style=\"font-weight: 400;\">Do you want to continue to learn and develop professionally with the support of a team, and to gain new experiences with state-of-the-art equipment and technology?<\/span><\/p><p><span style=\"font-weight: 400;\">Send us your resume at <a href=\"mailto:office@frueko.rs\">office@frueko.rs<\/a>. We invite you to become part of our team!<\/span><\/p>\t\t\t\t\t\t\t\t<\/div>\n\t\t\t\t<\/div>\n\t\t\t\t\t<\/div>\n\t\t<\/div>\n\t\t\t\t\t<\/div>\n\t\t<\/section>\n\t\t\t\t<\/div>","protected":false},"excerpt":{"rendered":"<p>Priklju\u010di se na\u0161em timu! Frueko je porodi\u010dna kompanija koja stalno napreduje zahvaljuju\u0107i udru\u017eenom znanju i verovanju da se mo\u017ee razvijati samo zajedni\u010dkim trudom i entuzijazmom. Uvereni ste da imate potrebne kvalifikacije i interesovanje za na\u0161u delatnost, i spremni ste i voljni da ulo\u017eite svoje znanje i predanost? \u017delite da nastavite da u\u010dite i da se [&hellip;]<\/p>","protected":false},"author":1,"featured_media":0,"parent":0,"menu_order":0,"comment_status":"closed","ping_status":"closed","template":"elementor_header_footer","meta":{"footnotes":""},"class_list":["post-852","page","type-page","status-publish","hentry"],"yoast_head":"<!-- This site is optimized with the Yoast SEO plugin v26.9 - https:\/\/yoast.com\/product\/yoast-seo-wordpress\/ -->\n<title>Priklju\u010di se na\u0161em timu! - Frueko DOO<\/title>\n<meta name=\"description\" content=\"Frueko je porodi\u010dna kompanija. Mi negujemo timski duh i verujemo u znanje, zajedni\u010dki trud i stalin napredak. Pozivamo Vas da se pridru\u017eite na\u0161em timu!\" \/>\n<meta name=\"robots\" content=\"index, follow, max-snippet:-1, max-image-preview:large, max-video-preview:-1\" \/>\n<link rel=\"canonical\" href=\"https:\/\/www.frueko.rs\/en\/employment\/\" \/>\n<meta property=\"og:locale\" content=\"en_GB\" \/>\n<meta property=\"og:type\" content=\"article\" \/>\n<meta property=\"og:title\" content=\"Priklju\u010di se na\u0161em timu! - Frueko DOO\" \/>\n<meta property=\"og:description\" content=\"Frueko je porodi\u010dna kompanija. Mi negujemo timski duh i verujemo u znanje, zajedni\u010dki trud i stalin napredak. Pozivamo Vas da se pridru\u017eite na\u0161em timu!\" \/>\n<meta property=\"og:url\" content=\"https:\/\/www.frueko.rs\/en\/employment\/\" \/>\n<meta property=\"og:site_name\" content=\"Frueko\" \/>\n<meta property=\"article:publisher\" content=\"https:\/\/www.facebook.com\/pages\/Frueko-DOO\/424790351468347\" \/>\n<meta property=\"article:modified_time\" content=\"2022-10-05T07:52:50+00:00\" \/>\n<meta name=\"twitter:card\" content=\"summary_large_image\" \/>\n<meta name=\"twitter:label1\" content=\"Estimated reading time\" \/>\n\t<meta name=\"twitter:data1\" content=\"1 minute\" \/>\n<script type=\"application\/ld+json\" class=\"yoast-schema-graph\">{\"@context\":\"https:\/\/schema.org\",\"@graph\":[{\"@type\":\"WebPage\",\"@id\":\"https:\/\/www.frueko.rs\/zaposlenje\/\",\"url\":\"https:\/\/www.frueko.rs\/zaposlenje\/\",\"name\":\"Priklju\u010di se na\u0161em timu! - Frueko DOO\",\"isPartOf\":{\"@id\":\"https:\/\/www.frueko.rs\/#website\"},\"datePublished\":\"2022-06-30T13:57:47+00:00\",\"dateModified\":\"2022-10-05T07:52:50+00:00\",\"description\":\"Frueko je porodi\u010dna kompanija. Mi negujemo timski duh i verujemo u znanje, zajedni\u010dki trud i stalin napredak. Pozivamo Vas da se pridru\u017eite na\u0161em timu!\",\"breadcrumb\":{\"@id\":\"https:\/\/www.frueko.rs\/zaposlenje\/#breadcrumb\"},\"inLanguage\":\"en-GB\",\"potentialAction\":[{\"@type\":\"ReadAction\",\"target\":[\"https:\/\/www.frueko.rs\/zaposlenje\/\"]}]},{\"@type\":\"BreadcrumbList\",\"@id\":\"https:\/\/www.frueko.rs\/zaposlenje\/#breadcrumb\",\"itemListElement\":[{\"@type\":\"ListItem\",\"position\":1,\"name\":\"Home\",\"item\":\"https:\/\/www.frueko.rs\/\"},{\"@type\":\"ListItem\",\"position\":2,\"name\":\"Zaposlenje &#8211; Frueko DOO\"}]},{\"@type\":\"WebSite\",\"@id\":\"https:\/\/www.frueko.rs\/#website\",\"url\":\"https:\/\/www.frueko.rs\/\",\"name\":\"Frueko\",\"description\":\"Lider u proizvodnji vo\u0107a u Srbiji\",\"publisher\":{\"@id\":\"https:\/\/www.frueko.rs\/#organization\"},\"potentialAction\":[{\"@type\":\"SearchAction\",\"target\":{\"@type\":\"EntryPoint\",\"urlTemplate\":\"https:\/\/www.frueko.rs\/?s={search_term_string}\"},\"query-input\":{\"@type\":\"PropertyValueSpecification\",\"valueRequired\":true,\"valueName\":\"search_term_string\"}}],\"inLanguage\":\"en-GB\"},{\"@type\":\"Organization\",\"@id\":\"https:\/\/www.frueko.rs\/#organization\",\"name\":\"Frueko\",\"url\":\"https:\/\/www.frueko.rs\/\",\"logo\":{\"@type\":\"ImageObject\",\"inLanguage\":\"en-GB\",\"@id\":\"https:\/\/www.frueko.rs\/#\/schema\/logo\/image\/\",\"url\":\"https:\/\/www.frueko.rs\/wp-content\/uploads\/2022\/07\/Frueko-logo-10.jpg\",\"contentUrl\":\"https:\/\/www.frueko.rs\/wp-content\/uploads\/2022\/07\/Frueko-logo-10.jpg\",\"width\":241,\"height\":164,\"caption\":\"Frueko\"},\"image\":{\"@id\":\"https:\/\/www.frueko.rs\/#\/schema\/logo\/image\/\"},\"sameAs\":[\"https:\/\/www.facebook.com\/pages\/Frueko-DOO\/424790351468347\",\"https:\/\/www.linkedin.com\/company\/frueko-doo-novi-sad\"]}]}<\/script>\n<!-- \/ Yoast SEO plugin. -->","yoast_head_json":{"title":"Priklju\u010di se na\u0161em timu! - Frueko DOO","description":"Frueko je porodi\u010dna kompanija. Mi negujemo timski duh i verujemo u znanje, zajedni\u010dki trud i stalin napredak. Pozivamo Vas da se pridru\u017eite na\u0161em timu!","robots":{"index":"index","follow":"follow","max-snippet":"max-snippet:-1","max-image-preview":"max-image-preview:large","max-video-preview":"max-video-preview:-1"},"canonical":"https:\/\/www.frueko.rs\/en\/employment\/","og_locale":"en_GB","og_type":"article","og_title":"Priklju\u010di se na\u0161em timu! - Frueko DOO","og_description":"Frueko je porodi\u010dna kompanija. Mi negujemo timski duh i verujemo u znanje, zajedni\u010dki trud i stalin napredak. Pozivamo Vas da se pridru\u017eite na\u0161em timu!","og_url":"https:\/\/www.frueko.rs\/en\/employment\/","og_site_name":"Frueko","article_publisher":"https:\/\/www.facebook.com\/pages\/Frueko-DOO\/424790351468347","article_modified_time":"2022-10-05T07:52:50+00:00","twitter_card":"summary_large_image","twitter_misc":{"Estimated reading time":"1 minute"},"schema":{"@context":"https:\/\/schema.org","@graph":[{"@type":"WebPage","@id":"https:\/\/www.frueko.rs\/zaposlenje\/","url":"https:\/\/www.frueko.rs\/zaposlenje\/","name":"Priklju\u010di se na\u0161em timu! - Frueko DOO","isPartOf":{"@id":"https:\/\/www.frueko.rs\/#website"},"datePublished":"2022-06-30T13:57:47+00:00","dateModified":"2022-10-05T07:52:50+00:00","description":"Frueko je porodi\u010dna kompanija. Mi negujemo timski duh i verujemo u znanje, zajedni\u010dki trud i stalin napredak. Pozivamo Vas da se pridru\u017eite na\u0161em timu!","breadcrumb":{"@id":"https:\/\/www.frueko.rs\/zaposlenje\/#breadcrumb"},"inLanguage":"en-GB","potentialAction":[{"@type":"ReadAction","target":["https:\/\/www.frueko.rs\/zaposlenje\/"]}]},{"@type":"BreadcrumbList","@id":"https:\/\/www.frueko.rs\/zaposlenje\/#breadcrumb","itemListElement":[{"@type":"ListItem","position":1,"name":"Home","item":"https:\/\/www.frueko.rs\/"},{"@type":"ListItem","position":2,"name":"Zaposlenje &#8211; Frueko DOO"}]},{"@type":"WebSite","@id":"https:\/\/www.frueko.rs\/#website","url":"https:\/\/www.frueko.rs\/","name":"Frueko","description":"Lider u proizvodnji vo\u0107a u Srbiji","publisher":{"@id":"https:\/\/www.frueko.rs\/#organization"},"potentialAction":[{"@type":"SearchAction","target":{"@type":"EntryPoint","urlTemplate":"https:\/\/www.frueko.rs\/?s={search_term_string}"},"query-input":{"@type":"PropertyValueSpecification","valueRequired":true,"valueName":"search_term_string"}}],"inLanguage":"en-GB"},{"@type":"Organization","@id":"https:\/\/www.frueko.rs\/#organization","name":"Frueko","url":"https:\/\/www.frueko.rs\/","logo":{"@type":"ImageObject","inLanguage":"en-GB","@id":"https:\/\/www.frueko.rs\/#\/schema\/logo\/image\/","url":"https:\/\/www.frueko.rs\/wp-content\/uploads\/2022\/07\/Frueko-logo-10.jpg","contentUrl":"https:\/\/www.frueko.rs\/wp-content\/uploads\/2022\/07\/Frueko-logo-10.jpg","width":241,"height":164,"caption":"Frueko"},"image":{"@id":"https:\/\/www.frueko.rs\/#\/schema\/logo\/image\/"},"sameAs":["https:\/\/www.facebook.com\/pages\/Frueko-DOO\/424790351468347","https:\/\/www.linkedin.com\/company\/frueko-doo-novi-sad"]}]}},"_links":{"self":[{"href":"https:\/\/www.frueko.rs\/en\/wp-json\/wp\/v2\/pages\/852","targetHints":{"allow":["GET"]}}],"collection":[{"href":"https:\/\/www.frueko.rs\/en\/wp-json\/wp\/v2\/pages"}],"about":[{"href":"https:\/\/www.frueko.rs\/en\/wp-json\/wp\/v2\/types\/page"}],"author":[{"embeddable":true,"href":"https:\/\/www.frueko.rs\/en\/wp-json\/wp\/v2\/users\/1"}],"replies":[{"embeddable":true,"href":"https:\/\/www.frueko.rs\/en\/wp-json\/wp\/v2\/comments?post=852"}],"version-history":[{"count":9,"href":"https:\/\/www.frueko.rs\/en\/wp-json\/wp\/v2\/pages\/852\/revisions"}],"predecessor-version":[{"id":3219,"href":"https:\/\/www.frueko.rs\/en\/wp-json\/wp\/v2\/pages\/852\/revisions\/3219"}],"wp:attachment":[{"href":"https:\/\/www.frueko.rs\/en\/wp-json\/wp\/v2\/media?parent=852"}],"curies":[{"name":"wp","href":"https:\/\/api.w.org\/{rel}","templated":true}]}}