{"id":513,"date":"2022-06-29T07:11:32","date_gmt":"2022-06-29T07:11:32","guid":{"rendered":"https:\/\/hostelnomad.com\/?page_id=513"},"modified":"2023-08-18T16:12:11","modified_gmt":"2023-08-18T14:12:11","slug":"o-nama","status":"publish","type":"page","link":"https:\/\/www.frueko.rs\/en\/about-us\/","title":{"rendered":"About us"},"content":{"rendered":"<div data-elementor-type=\"wp-page\" data-elementor-id=\"513\" class=\"elementor elementor-513\" data-elementor-post-type=\"page\">\n\t\t\t\t\t\t<section class=\"elementor-section elementor-top-section elementor-element elementor-element-2e947bd elementor-section-full_width elementor-section-height-min-height elementor-section-height-default elementor-section-items-middle\" data-id=\"2e947bd\" data-element_type=\"section\" data-e-type=\"section\" data-settings=\"{&quot;background_background&quot;:&quot;classic&quot;}\">\n\t\t\t\t\t\t\t<div class=\"elementor-background-overlay\"><\/div>\n\t\t\t\t\t\t\t<div class=\"elementor-container elementor-column-gap-default\">\n\t\t\t\t\t<div class=\"elementor-column elementor-col-100 elementor-top-column elementor-element elementor-element-bf6b273\" data-id=\"bf6b273\" data-element_type=\"column\" data-e-type=\"column\">\n\t\t\t<div class=\"elementor-widget-wrap elementor-element-populated\">\n\t\t\t\t\t\t<div class=\"elementor-element elementor-element-054f512 elementor-widget elementor-widget-theme-post-title elementor-page-title elementor-widget-heading\" data-id=\"054f512\" data-element_type=\"widget\" data-e-type=\"widget\" data-widget_type=\"theme-post-title.default\">\n\t\t\t\t<div class=\"elementor-widget-container\">\n\t\t\t\t\t<h1 class=\"elementor-heading-title elementor-size-default\"> About us<\/h1>\t\t\t\t<\/div>\n\t\t\t\t<\/div>\n\t\t\t\t\t<\/div>\n\t\t<\/div>\n\t\t\t\t\t<\/div>\n\t\t<\/section>\n\t\t\t\t<section class=\"elementor-section elementor-top-section elementor-element elementor-element-84ab084 elementor-section-boxed elementor-section-height-default elementor-section-height-default\" data-id=\"84ab084\" data-element_type=\"section\" data-e-type=\"section\">\n\t\t\t\t\t\t<div class=\"elementor-container elementor-column-gap-default\">\n\t\t\t\t\t<div class=\"elementor-column elementor-col-100 elementor-top-column elementor-element elementor-element-4050978\" data-id=\"4050978\" data-element_type=\"column\" data-e-type=\"column\">\n\t\t\t<div class=\"elementor-widget-wrap elementor-element-populated\">\n\t\t\t\t\t\t<div class=\"elementor-element elementor-element-3f577ff elementor-widget elementor-widget-text-editor\" data-id=\"3f577ff\" data-element_type=\"widget\" data-e-type=\"widget\" data-widget_type=\"text-editor.default\">\n\t\t\t\t<div class=\"elementor-widget-container\">\n\t\t\t\t\t\t\t\t\t<p>With over <strong>30 years<\/strong> long tradition in fruit growing and viticulture, <strong>FRUEKO Ltd<\/strong> is a leader in fruit growing in Serbia and the region. All our orchards are planted according to the highest international standards and are equipped with modern technologies:<\/p><ul><li><em>virus-free and certified planting material<\/em><\/li><li><em>anti-hail nets<\/em><\/li><li><em>drop by drop irrigation and computer controlled fertigation systems<\/em><\/li><li><em>METOS system<\/em><\/li><\/ul><p>\u00a0<\/p><p><strong>1988<\/strong>. the desire and idea to start own fruit production were realized by planting the first peach trees and vineyards in the Lazic family household.<\/p><p><strong>1996<\/strong>. the first apple trees were planted in Kukujevci.<\/p><p><strong>2001<\/strong>. new apples were planted in Kukujevci.<\/p><p><strong>2006<\/strong>represents the turning point in the development and management of our company. The same year, we planted a pear orchard and a walnut orchard in \u0160id. We also built a modern ULO cold storage with a capacity of 3,000 tons.<\/p><p><strong>2007<\/strong>. we planted a new apple orchard in Kukujevci.<\/p><p><strong>2011<\/strong>. the company FRUEKO Ltd was founded, which originated from a family business and continues to develop and improve fruit production to this day successfully.<\/p><p><strong>2014<\/strong>. a new apple orchard was planted in Kukujevci. In the same year, a new apple orchard was planted in Gibarac.<\/p><p><strong>2016<\/strong>. we planted a new walnut orchard. This year is significant for our company as a year of investment in production because we increased the area under pear planting.<\/p><p><strong>2018<\/strong>. we planted a second apple orchard in Gibarac. In the same year, a new apple orchard was planted in Kukujevci.<\/p><p><strong>2020<\/strong>. we planted an apple orchard. A new ULO cold storage with a 3500t capacity was built. <span style=\"font-weight: 400;\">Izgra\u0111ena je nova ULO hladnja\u010da kapaciteta 3500t sa linijom za preradu vo\u0107a.<\/span><\/p><p><strong>2022<\/strong>the plan is to purchase a new fruit sorting line (GREEFA CombiSort grading line with six lanes for apples and pears sorting).<\/p>\t\t\t\t\t\t\t\t<\/div>\n\t\t\t\t<\/div>\n\t\t\t\t\t<\/div>\n\t\t<\/div>\n\t\t\t\t\t<\/div>\n\t\t<\/section>\n\t\t\t\t<\/div>","protected":false},"excerpt":{"rendered":"<p>Sa tradicijom od preko 35 godina u vo\u0107arstvu i vinogradarstvu, FRUEKO DOO je jedan od lidera u proizvodnji vo\u0107a u Srbiji i regionu. Svi na\u0161i vo\u0107njaci podignuti su po najvi\u0161im svetskim standardima i opremljeni su najsavremenijom opremom: bezvirusni i sertifikovan sadni materijal protivgradne mre\u017ee sistem za navodnjavanje kap po kap i sistem za fertirigaciju sa [&hellip;]<\/p>","protected":false},"author":1,"featured_media":0,"parent":0,"menu_order":0,"comment_status":"closed","ping_status":"closed","template":"elementor_header_footer","meta":{"footnotes":""},"class_list":["post-513","page","type-page","status-publish","hentry"],"yoast_head":"<!-- This site is optimized with the Yoast SEO plugin v26.9 - https:\/\/yoast.com\/product\/yoast-seo-wordpress\/ -->\n<title>O Nama - Frueko DOO<\/title>\n<meta name=\"description\" content=\"Od prvog zasada breskve na porodi\u010dnom imanju 1988. godine, FRUEKO je izrastao u modernu kompaniju, vode\u0107u u regionu u proizvodnji vo\u0107a. Saznajte vi\u0161e na web stranici.\" \/>\n<meta name=\"robots\" content=\"index, follow, max-snippet:-1, max-image-preview:large, max-video-preview:-1\" \/>\n<link rel=\"canonical\" href=\"https:\/\/www.frueko.rs\/en\/about-us\/\" \/>\n<meta property=\"og:locale\" content=\"en_GB\" \/>\n<meta property=\"og:type\" content=\"article\" \/>\n<meta property=\"og:title\" content=\"O Nama - Frueko DOO\" \/>\n<meta property=\"og:description\" content=\"Od prvog zasada breskve na porodi\u010dnom imanju 1988. godine, FRUEKO je izrastao u modernu kompaniju, vode\u0107u u regionu u proizvodnji vo\u0107a. Saznajte vi\u0161e na web stranici.\" \/>\n<meta property=\"og:url\" content=\"https:\/\/www.frueko.rs\/en\/about-us\/\" \/>\n<meta property=\"og:site_name\" content=\"Frueko\" \/>\n<meta property=\"article:publisher\" content=\"https:\/\/www.facebook.com\/pages\/Frueko-DOO\/424790351468347\" \/>\n<meta property=\"article:modified_time\" content=\"2023-08-18T14:12:11+00:00\" \/>\n<meta name=\"twitter:card\" content=\"summary_large_image\" \/>\n<meta name=\"twitter:label1\" content=\"Estimated reading time\" \/>\n\t<meta name=\"twitter:data1\" content=\"2 minutes\" \/>\n<script type=\"application\/ld+json\" class=\"yoast-schema-graph\">{\"@context\":\"https:\/\/schema.org\",\"@graph\":[{\"@type\":\"WebPage\",\"@id\":\"https:\/\/www.frueko.rs\/o-nama\/\",\"url\":\"https:\/\/www.frueko.rs\/o-nama\/\",\"name\":\"O Nama - Frueko DOO\",\"isPartOf\":{\"@id\":\"https:\/\/www.frueko.rs\/#website\"},\"datePublished\":\"2022-06-29T07:11:32+00:00\",\"dateModified\":\"2023-08-18T14:12:11+00:00\",\"description\":\"Od prvog zasada breskve na porodi\u010dnom imanju 1988. godine, FRUEKO je izrastao u modernu kompaniju, vode\u0107u u regionu u proizvodnji vo\u0107a. Saznajte vi\u0161e na web stranici.\",\"breadcrumb\":{\"@id\":\"https:\/\/www.frueko.rs\/o-nama\/#breadcrumb\"},\"inLanguage\":\"en-GB\",\"potentialAction\":[{\"@type\":\"ReadAction\",\"target\":[\"https:\/\/www.frueko.rs\/o-nama\/\"]}]},{\"@type\":\"BreadcrumbList\",\"@id\":\"https:\/\/www.frueko.rs\/o-nama\/#breadcrumb\",\"itemListElement\":[{\"@type\":\"ListItem\",\"position\":1,\"name\":\"Home\",\"item\":\"https:\/\/www.frueko.rs\/\"},{\"@type\":\"ListItem\",\"position\":2,\"name\":\"O Nama\"}]},{\"@type\":\"WebSite\",\"@id\":\"https:\/\/www.frueko.rs\/#website\",\"url\":\"https:\/\/www.frueko.rs\/\",\"name\":\"Frueko\",\"description\":\"Lider u proizvodnji vo\u0107a u Srbiji\",\"publisher\":{\"@id\":\"https:\/\/www.frueko.rs\/#organization\"},\"potentialAction\":[{\"@type\":\"SearchAction\",\"target\":{\"@type\":\"EntryPoint\",\"urlTemplate\":\"https:\/\/www.frueko.rs\/?s={search_term_string}\"},\"query-input\":{\"@type\":\"PropertyValueSpecification\",\"valueRequired\":true,\"valueName\":\"search_term_string\"}}],\"inLanguage\":\"en-GB\"},{\"@type\":\"Organization\",\"@id\":\"https:\/\/www.frueko.rs\/#organization\",\"name\":\"Frueko\",\"url\":\"https:\/\/www.frueko.rs\/\",\"logo\":{\"@type\":\"ImageObject\",\"inLanguage\":\"en-GB\",\"@id\":\"https:\/\/www.frueko.rs\/#\/schema\/logo\/image\/\",\"url\":\"https:\/\/www.frueko.rs\/wp-content\/uploads\/2022\/07\/Frueko-logo-10.jpg\",\"contentUrl\":\"https:\/\/www.frueko.rs\/wp-content\/uploads\/2022\/07\/Frueko-logo-10.jpg\",\"width\":241,\"height\":164,\"caption\":\"Frueko\"},\"image\":{\"@id\":\"https:\/\/www.frueko.rs\/#\/schema\/logo\/image\/\"},\"sameAs\":[\"https:\/\/www.facebook.com\/pages\/Frueko-DOO\/424790351468347\",\"https:\/\/www.linkedin.com\/company\/frueko-doo-novi-sad\"]}]}<\/script>\n<!-- \/ Yoast SEO plugin. -->","yoast_head_json":{"title":"O Nama - Frueko DOO","description":"Od prvog zasada breskve na porodi\u010dnom imanju 1988. godine, FRUEKO je izrastao u modernu kompaniju, vode\u0107u u regionu u proizvodnji vo\u0107a. Saznajte vi\u0161e na web stranici.","robots":{"index":"index","follow":"follow","max-snippet":"max-snippet:-1","max-image-preview":"max-image-preview:large","max-video-preview":"max-video-preview:-1"},"canonical":"https:\/\/www.frueko.rs\/en\/about-us\/","og_locale":"en_GB","og_type":"article","og_title":"O Nama - Frueko DOO","og_description":"Od prvog zasada breskve na porodi\u010dnom imanju 1988. godine, FRUEKO je izrastao u modernu kompaniju, vode\u0107u u regionu u proizvodnji vo\u0107a. Saznajte vi\u0161e na web stranici.","og_url":"https:\/\/www.frueko.rs\/en\/about-us\/","og_site_name":"Frueko","article_publisher":"https:\/\/www.facebook.com\/pages\/Frueko-DOO\/424790351468347","article_modified_time":"2023-08-18T14:12:11+00:00","twitter_card":"summary_large_image","twitter_misc":{"Estimated reading time":"2 minutes"},"schema":{"@context":"https:\/\/schema.org","@graph":[{"@type":"WebPage","@id":"https:\/\/www.frueko.rs\/o-nama\/","url":"https:\/\/www.frueko.rs\/o-nama\/","name":"O Nama - Frueko DOO","isPartOf":{"@id":"https:\/\/www.frueko.rs\/#website"},"datePublished":"2022-06-29T07:11:32+00:00","dateModified":"2023-08-18T14:12:11+00:00","description":"Od prvog zasada breskve na porodi\u010dnom imanju 1988. godine, FRUEKO je izrastao u modernu kompaniju, vode\u0107u u regionu u proizvodnji vo\u0107a. Saznajte vi\u0161e na web stranici.","breadcrumb":{"@id":"https:\/\/www.frueko.rs\/o-nama\/#breadcrumb"},"inLanguage":"en-GB","potentialAction":[{"@type":"ReadAction","target":["https:\/\/www.frueko.rs\/o-nama\/"]}]},{"@type":"BreadcrumbList","@id":"https:\/\/www.frueko.rs\/o-nama\/#breadcrumb","itemListElement":[{"@type":"ListItem","position":1,"name":"Home","item":"https:\/\/www.frueko.rs\/"},{"@type":"ListItem","position":2,"name":"O Nama"}]},{"@type":"WebSite","@id":"https:\/\/www.frueko.rs\/#website","url":"https:\/\/www.frueko.rs\/","name":"Frueko","description":"Lider u proizvodnji vo\u0107a u Srbiji","publisher":{"@id":"https:\/\/www.frueko.rs\/#organization"},"potentialAction":[{"@type":"SearchAction","target":{"@type":"EntryPoint","urlTemplate":"https:\/\/www.frueko.rs\/?s={search_term_string}"},"query-input":{"@type":"PropertyValueSpecification","valueRequired":true,"valueName":"search_term_string"}}],"inLanguage":"en-GB"},{"@type":"Organization","@id":"https:\/\/www.frueko.rs\/#organization","name":"Frueko","url":"https:\/\/www.frueko.rs\/","logo":{"@type":"ImageObject","inLanguage":"en-GB","@id":"https:\/\/www.frueko.rs\/#\/schema\/logo\/image\/","url":"https:\/\/www.frueko.rs\/wp-content\/uploads\/2022\/07\/Frueko-logo-10.jpg","contentUrl":"https:\/\/www.frueko.rs\/wp-content\/uploads\/2022\/07\/Frueko-logo-10.jpg","width":241,"height":164,"caption":"Frueko"},"image":{"@id":"https:\/\/www.frueko.rs\/#\/schema\/logo\/image\/"},"sameAs":["https:\/\/www.facebook.com\/pages\/Frueko-DOO\/424790351468347","https:\/\/www.linkedin.com\/company\/frueko-doo-novi-sad"]}]}},"_links":{"self":[{"href":"https:\/\/www.frueko.rs\/en\/wp-json\/wp\/v2\/pages\/513","targetHints":{"allow":["GET"]}}],"collection":[{"href":"https:\/\/www.frueko.rs\/en\/wp-json\/wp\/v2\/pages"}],"about":[{"href":"https:\/\/www.frueko.rs\/en\/wp-json\/wp\/v2\/types\/page"}],"author":[{"embeddable":true,"href":"https:\/\/www.frueko.rs\/en\/wp-json\/wp\/v2\/users\/1"}],"replies":[{"embeddable":true,"href":"https:\/\/www.frueko.rs\/en\/wp-json\/wp\/v2\/comments?post=513"}],"version-history":[{"count":46,"href":"https:\/\/www.frueko.rs\/en\/wp-json\/wp\/v2\/pages\/513\/revisions"}],"predecessor-version":[{"id":3842,"href":"https:\/\/www.frueko.rs\/en\/wp-json\/wp\/v2\/pages\/513\/revisions\/3842"}],"wp:attachment":[{"href":"https:\/\/www.frueko.rs\/en\/wp-json\/wp\/v2\/media?parent=513"}],"curies":[{"name":"wp","href":"https:\/\/api.w.org\/{rel}","templated":true}]}}